{"id":1926,"date":"2020-09-04T10:47:55","date_gmt":"2020-09-04T10:47:55","guid":{"rendered":"http:\/\/azores-tours.com\/product\/nordeste\/"},"modified":"2025-06-30T14:38:34","modified_gmt":"2025-06-30T14:38:34","slug":"nordeste","status":"publish","type":"product","link":"https:\/\/azores-tours.com\/fr\/tours\/nordeste\/","title":{"rendered":"Nordeste et Povoa\u00e7\u00e3o"},"content":{"rendered":"<p>[vc_row][vc_column][vc_column_text]Le d\u00e9parts est \u00e0 Ponta Delgada on direction vers le comt\u00e9 du nord-est. Le circuit se fait par la c\u00f4te nord de l&rsquo;\u00eele, \u00e9tant le premier arr\u00eat au parc naturel de Ribeira dos Caldeir\u00f5es. Ici, vous pouvez visiter un moulin \u00e0 eau, plusieurs cascades et un magasin d&rsquo;artisanat.<\/p>\n<p>En continuant la marche vers le nord-est, nous nous arr\u00eatons au village o\u00f9 vous pouvez visiter une \u00e9glise et prendre un caf\u00e9. Nous nous arr\u00eatons au point de vue de Vista dos Barcos, o\u00f9 vous pouvez voir la pointe la plus \u00e0 l&rsquo;est de l&rsquo;\u00eele \u00abPonta do Arnel\u00bb, un phare et un petit port de p\u00eache. Le prochain arr\u00eat est au point de vue de Ponta do Sossego, c&rsquo;est un jardin plein de fleurs vari\u00e9es et offre une vue sur la mer et les montagnes. Ensuite, nous nous arr\u00eatons au point de vue de Ponta da Madrugada, un autre endroit avec une vue unique sur l&rsquo;\u00eele, les gens viennent g\u00e9n\u00e9ralement ici pendant l&rsquo;\u00e9t\u00e9 pour regarder le lever du soleil.<\/p>\n<p>Nous continuons vers la c\u00f4te sud et vers Vila de Povoa\u00e7\u00e3o, premier endroit peupl\u00e9 de l&rsquo;\u00eele, en 1432. Le village est \u00e9galement connu pour son sucr\u00e9 typique \u00ab\u00a0fofa da povoa\u00e7\u00e3o\u00a0\u00bb. Arr\u00eat pour le d\u00e9jeuner, menu de votre choix.<\/p>\n<p>Apr\u00e8s le d\u00e9jeuner, nous visitons le jardin et nous continuons la visite vers Ponta Delgada, le long de la c\u00f4te sud, en passant par les Furnas, Vila Franca do Campo, ville de Lagoa et finalment Ponta Delgada.<\/p>\n<p><strong>Conditions:<\/strong><br \/>\nTout les circuits commence et termine \u00e0 l\u2019h\u00f4tel.<br \/>\nTours de tout la journ\u00e9e &#8211; 09h00 \u00e0 17h00<br \/>\nSi vous avez une id\u00e9e por l\u2019itin\u00e9raire faites le plaisir de nous informer et on \u00e0 tout le plaisir de vous aidez.<br \/>\nPour plus d\u2019informations, contactez nous![\/vc_column_text][\/vc_column][\/vc_row][vc_row][vc_column][vc_raw_html]JTNDJTIxLS0lMjBGYXJlaGFyYm9yJTIwSW50ZWdyYXRpb24lMjAtLSUzRSUwQSUzQ2RpdiUyMGNsYXNzJTNEJTIyZmhDYWxlbmRhciUyMiUzRSUwQSUzQyUyMS0tJTIwRmFyZUhhcmJvciUyMGNhbGVuZGFyJTIwb2YlMjBmbG93JTIwJTIzOTg1MDYyJTIwLS0lM0UlMEElM0NzY3JpcHQlMjBzcmMlM0QlMjJodHRwcyUzQSUyRiUyRmZhcmVoYXJib3IuY29tJTJGZW1iZWRzJTJGc2NyaXB0JTJGY2FsZW5kYXIlMkZhem9yZXMtdG91cnMlMkYlM0ZmYWxsYmFjayUzRHNpbXBsZSUyNmZ1bGwtaXRlbXMlM0R5ZXMlMjZmbG93JTNEOTg1MDYyJTIyJTNFJTNDJTJGc2NyaXB0JTNFJTNDJTJGZGl2JTNFJTBBJTNDc2NyaXB0JTNFJTIwJTIwJTBBJTIwJTIwalF1ZXJ5JTI4ZG9jdW1lbnQlMjkucmVhZHklMjhmdW5jdGlvbiUyOCUyNCUyOSU3QiUwQXZhciUyMGZoQ2FsZW5kYXIlMjAlM0QlMjAlMjQlMjglMjcuZmhDYWxlbmRhciUyNyUyOSUzQiUwQSUyNCUyOCUyNyUyM3RvdXJCb29raW5nRm9ybSUyNyUyOS5yZXBsYWNlV2l0aCUyOGZoQ2FsZW5kYXIlMjklM0IlMEElMjAlMjAlN0QlMjklM0IlMEElM0MlMkZzY3JpcHQlM0UlMEE=[\/vc_raw_html][\/vc_column][\/vc_row]<\/p>\n","protected":false},"excerpt":{"rendered":"<p>Le d\u00e9parts est \u00e0 <em>Ponta Delgada <\/em>on direction vers le comt\u00e9 du nord-est. Le circuit se fait par la c\u00f4te nord de l&rsquo;\u00eele, \u00e9tant le premier arr\u00eat au parc naturel de <em>Ribeira dos Caldeir\u00f5es<\/em>. Ici, vous pouvez visiter un moulin \u00e0 eau, plusieurs cascades et un magasin d&rsquo;artisanat.<\/p>\n","protected":false},"featured_media":2769,"comment_status":"open","ping_status":"closed","template":"","meta":[],"yoast_head":"<!-- This site is optimized with the Yoast SEO plugin v14.9 - https:\/\/yoast.com\/wordpress\/plugins\/seo\/ -->\n<title>Nordeste et Povoa\u00e7\u00e3o - Azores Tours<\/title>\n<meta name=\"robots\" content=\"index, follow, max-snippet:-1, max-image-preview:large, max-video-preview:-1\" \/>\n<link rel=\"canonical\" href=\"https:\/\/azores-tours.com\/fr\/tours\/nordeste\/\" \/>\n<meta property=\"og:locale\" content=\"fr_FR\" \/>\n<meta property=\"og:type\" content=\"article\" \/>\n<meta property=\"og:title\" content=\"Nordeste et Povoa\u00e7\u00e3o - Azores Tours\" \/>\n<meta property=\"og:description\" content=\"Le d\u00e9parts est \u00e0 Ponta Delgada on direction vers le comt\u00e9 du nord-est. Le circuit se fait par la c\u00f4te nord de l&#039;\u00eele, \u00e9tant le premier arr\u00eat au parc naturel de Ribeira dos Caldeir\u00f5es. Ici, vous pouvez visiter un moulin \u00e0 eau, plusieurs cascades et un magasin d&#039;artisanat.\" \/>\n<meta property=\"og:url\" content=\"https:\/\/azores-tours.com\/fr\/tours\/nordeste\/\" \/>\n<meta property=\"og:site_name\" content=\"Azores Tours\" \/>\n<meta property=\"article:modified_time\" content=\"2025-06-30T14:38:34+00:00\" \/>\n<meta property=\"og:image\" content=\"https:\/\/azores-tours.com\/wp-content\/uploads\/2020\/09\/IMG_20220422_095824-scaled.jpg\" \/>\n\t<meta property=\"og:image:width\" content=\"2560\" \/>\n\t<meta property=\"og:image:height\" content=\"1922\" \/>\n<meta name=\"twitter:card\" content=\"summary_large_image\" \/>\n<script type=\"application\/ld+json\" class=\"yoast-schema-graph\">{\"@context\":\"https:\/\/schema.org\",\"@graph\":[{\"@type\":\"WebSite\",\"@id\":\"https:\/\/azores-tours.com\/fr\/#website\",\"url\":\"https:\/\/azores-tours.com\/fr\/\",\"name\":\"Azores Tours\",\"description\":\"Circuitos e Passeios Tur\\u00edsticos em S\\u00e3o Miguel A\\u00e7ores\",\"potentialAction\":[{\"@type\":\"SearchAction\",\"target\":\"https:\/\/azores-tours.com\/fr\/?s={search_term_string}\",\"query-input\":\"required name=search_term_string\"}],\"inLanguage\":\"fr-FR\"},{\"@type\":\"ImageObject\",\"@id\":\"https:\/\/azores-tours.com\/fr\/tours\/nordeste\/#primaryimage\",\"inLanguage\":\"fr-FR\",\"url\":\"https:\/\/azores-tours.com\/wp-content\/uploads\/2020\/09\/IMG_20220422_095824-scaled.jpg\",\"width\":2560,\"height\":1922},{\"@type\":\"WebPage\",\"@id\":\"https:\/\/azores-tours.com\/fr\/tours\/nordeste\/#webpage\",\"url\":\"https:\/\/azores-tours.com\/fr\/tours\/nordeste\/\",\"name\":\"Nordeste et Povoa\\u00e7\\u00e3o - Azores Tours\",\"isPartOf\":{\"@id\":\"https:\/\/azores-tours.com\/fr\/#website\"},\"primaryImageOfPage\":{\"@id\":\"https:\/\/azores-tours.com\/fr\/tours\/nordeste\/#primaryimage\"},\"datePublished\":\"2020-09-04T10:47:55+00:00\",\"dateModified\":\"2025-06-30T14:38:34+00:00\",\"inLanguage\":\"fr-FR\",\"potentialAction\":[{\"@type\":\"ReadAction\",\"target\":[\"https:\/\/azores-tours.com\/fr\/tours\/nordeste\/\"]}]}]}<\/script>\n<!-- \/ Yoast SEO plugin. -->","_links":{"self":[{"href":"https:\/\/azores-tours.com\/fr\/wp-json\/wp\/v2\/product\/1926"}],"collection":[{"href":"https:\/\/azores-tours.com\/fr\/wp-json\/wp\/v2\/product"}],"about":[{"href":"https:\/\/azores-tours.com\/fr\/wp-json\/wp\/v2\/types\/product"}],"replies":[{"embeddable":true,"href":"https:\/\/azores-tours.com\/fr\/wp-json\/wp\/v2\/comments?post=1926"}],"wp:featuredmedia":[{"embeddable":true,"href":"https:\/\/azores-tours.com\/fr\/wp-json\/wp\/v2\/media\/2769"}],"wp:attachment":[{"href":"https:\/\/azores-tours.com\/fr\/wp-json\/wp\/v2\/media?parent=1926"}],"curies":[{"name":"wp","href":"https:\/\/api.w.org\/{rel}","templated":true}]}}