{"id":1922,"date":"2020-09-04T10:28:55","date_gmt":"2020-09-04T10:28:55","guid":{"rendered":"http:\/\/azores-tours.com\/product\/lagoa-do-fogo\/"},"modified":"2025-04-17T02:21:46","modified_gmt":"2025-04-17T02:21:46","slug":"lagoa-do-fogo","status":"publish","type":"product","link":"https:\/\/azores-tours.com\/fr\/tours\/lagoa-do-fogo\/","title":{"rendered":"Lagon de Fogo"},"content":{"rendered":"<p>[vc_row][vc_column][vc_column_text]Le d\u00e9parts est \u00e0 Ponta Delgada on direction \u00e0 la ville Ribeira Grande. Le premier arr\u00eat se fait \u00e0 le centre de l\u00e1 citt\u00e9 o\u00f9 vous peuveux voir une petite rivi\u00e8re avec une petite cascade, qui traverse le jardin.<\/p>\n<p>Cela donne son nom \u00e0 la ville. Nous continuons la tourn\u00e9e vers l&rsquo;usine de liqueurs \u00ab\u00a0Mulher de Capot\u00a0\u00bb o\u00f9 vous pourrez d\u00e9guster des liqueurs \u00e0 base de fruits de l&rsquo;\u00eele et aussi des liqueurs de lait.<\/p>\n<p>Nous commenc\u00e9 la mont\u00e9e sur la montagne de Lagoa do Fogo, nous nous arr\u00eatons environ 30 minutes pour visiter Caldeira Velha (billets non inclus), o\u00f9 vous pourrez profiter d&rsquo;une chaudi\u00e8re \u00e0 eau bouillante et d&rsquo;une cascade avec une piscine naturelle. (possibilit\u00e9 de baignade). Nous continuons notre ascension, profitant de vues de la paysage naturel prot\u00e9g\u00e9 de Lagoa do Fogo, nous nous arr\u00eaterons \u00e0 plusieurs points de vue. Le sommet de la montagne \u00e0 947 m\u00e8tres d&rsquo;altitude. Quand nous atteignons le sommet de la montagne, le retour se fait par la c\u00f4te sud de l&rsquo;\u00eele avec un arr\u00eat pour visiter l&rsquo;usine de poterie Vieira, fond\u00e9e en 1862. Avec retour \u00e0 la ville Ponta Delgada.<\/p>\n<p>C&rsquo;est la fin de notre tourn\u00e9e.<\/p>\n<p><strong>Conditions:<\/strong><br \/>\nTout les circuits commence et termine \u00e0 l\u2019h\u00f4tel.<br \/>\nTours de jour et demi &#8211; 09h00 \u00e0 12h30 ou 14h \u00e0 17h00<br \/>\nSi vous avez une id\u00e9e por l\u2019itin\u00e9raire faites le plaisir de nous informer et on \u00e0 tout le plaisir de vous aidez.<br \/>\nPour plus d\u2019informations, contactez nous![\/vc_column_text][vc_raw_html]JTNDJTIxLS0lMjBGYXJlaGFyYm9yJTIwSW50ZWdyYXRpb24lMjAtLSUzRSUwQSUzQ2RpdiUyMGNsYXNzJTNEJTIyZmhDYWxlbmRhciUyMiUzRSUzQyUyMS0tJTIwRmFyZUhhcmJvciUyMGNhbGVuZGFyJTIwb2YlMjBmbG93JTIwJTIzOTg1MDMzJTIwLS0lM0UlMEElM0NzY3JpcHQlMjBzcmMlM0QlMjJodHRwcyUzQSUyRiUyRmZhcmVoYXJib3IuY29tJTJGZW1iZWRzJTJGc2NyaXB0JTJGY2FsZW5kYXIlMkZhem9yZXMtdG91cnMlMkYlM0ZmYWxsYmFjayUzRHNpbXBsZSUyNmZ1bGwtaXRlbXMlM0R5ZXMlMjZmbG93JTNEOTg1MDMzJTIyJTNFJTNDJTJGc2NyaXB0JTNFJTNDJTJGZGl2JTNFJTBBJTNDc2NyaXB0JTNFJTIwJTIwJTBBJTIwJTIwalF1ZXJ5JTI4ZG9jdW1lbnQlMjkucmVhZHklMjhmdW5jdGlvbiUyOCUyNCUyOSU3QiUwQXZhciUyMGZoQ2FsZW5kYXIlMjAlM0QlMjAlMjQlMjglMjcuZmhDYWxlbmRhciUyNyUyOSUzQiUwQSUyNCUyOCUyNyUyM3RvdXJCb29raW5nRm9ybSUyNyUyOS5yZXBsYWNlV2l0aCUyOGZoQ2FsZW5kYXIlMjklM0IlMEElMjAlMjAlN0QlMjklM0IlMEElM0MlMkZzY3JpcHQlM0U=[\/vc_raw_html][\/vc_column][\/vc_row]<\/p>\n","protected":false},"excerpt":{"rendered":"<p>Le d\u00e9parts est \u00e0 Ponta Delgada on direction \u00e0 la ville Ribeira Grande. Le premier arr\u00eat se fait \u00e0 le centre de l\u00e1 citt\u00e9 o\u00f9\u00a0 vous peuveux voir une petite rivi\u00e8re avec une petite cascade, qui traverse le jardin.<\/p>\n","protected":false},"featured_media":3038,"comment_status":"open","ping_status":"closed","template":"","meta":[],"yoast_head":"<!-- This site is optimized with the Yoast SEO plugin v14.9 - https:\/\/yoast.com\/wordpress\/plugins\/seo\/ -->\n<title>Lagon de Fogo - Azores Tours<\/title>\n<meta name=\"robots\" content=\"index, follow, max-snippet:-1, max-image-preview:large, max-video-preview:-1\" \/>\n<link rel=\"canonical\" href=\"https:\/\/azores-tours.com\/fr\/tours\/lagoa-do-fogo\/\" \/>\n<meta property=\"og:locale\" content=\"fr_FR\" \/>\n<meta property=\"og:type\" content=\"article\" \/>\n<meta property=\"og:title\" content=\"Lagon de Fogo - Azores Tours\" \/>\n<meta property=\"og:description\" content=\"Le d\u00e9parts est \u00e0 Ponta Delgada on direction \u00e0 la ville Ribeira Grande. Le premier arr\u00eat se fait \u00e0 le centre de l\u00e1 citt\u00e9 o\u00f9\u00a0 vous peuveux voir une petite rivi\u00e8re avec une petite cascade, qui traverse le jardin.\" \/>\n<meta property=\"og:url\" content=\"https:\/\/azores-tours.com\/fr\/tours\/lagoa-do-fogo\/\" \/>\n<meta property=\"og:site_name\" content=\"Azores Tours\" \/>\n<meta property=\"article:modified_time\" content=\"2025-04-17T02:21:46+00:00\" \/>\n<meta property=\"og:image\" content=\"https:\/\/azores-tours.com\/wp-content\/uploads\/2020\/09\/1-scaled.jpg\" \/>\n\t<meta property=\"og:image:width\" content=\"2560\" \/>\n\t<meta property=\"og:image:height\" content=\"1922\" \/>\n<meta name=\"twitter:card\" content=\"summary_large_image\" \/>\n<script type=\"application\/ld+json\" class=\"yoast-schema-graph\">{\"@context\":\"https:\/\/schema.org\",\"@graph\":[{\"@type\":\"WebSite\",\"@id\":\"https:\/\/azores-tours.com\/fr\/#website\",\"url\":\"https:\/\/azores-tours.com\/fr\/\",\"name\":\"Azores Tours\",\"description\":\"Circuitos e Passeios Tur\\u00edsticos em S\\u00e3o Miguel A\\u00e7ores\",\"potentialAction\":[{\"@type\":\"SearchAction\",\"target\":\"https:\/\/azores-tours.com\/fr\/?s={search_term_string}\",\"query-input\":\"required name=search_term_string\"}],\"inLanguage\":\"fr-FR\"},{\"@type\":\"ImageObject\",\"@id\":\"https:\/\/azores-tours.com\/fr\/tours\/lagoa-do-fogo\/#primaryimage\",\"inLanguage\":\"fr-FR\",\"url\":\"https:\/\/azores-tours.com\/wp-content\/uploads\/2020\/09\/1-scaled.jpg\",\"width\":2560,\"height\":1922},{\"@type\":\"WebPage\",\"@id\":\"https:\/\/azores-tours.com\/fr\/tours\/lagoa-do-fogo\/#webpage\",\"url\":\"https:\/\/azores-tours.com\/fr\/tours\/lagoa-do-fogo\/\",\"name\":\"Lagon de Fogo - Azores Tours\",\"isPartOf\":{\"@id\":\"https:\/\/azores-tours.com\/fr\/#website\"},\"primaryImageOfPage\":{\"@id\":\"https:\/\/azores-tours.com\/fr\/tours\/lagoa-do-fogo\/#primaryimage\"},\"datePublished\":\"2020-09-04T10:28:55+00:00\",\"dateModified\":\"2025-04-17T02:21:46+00:00\",\"inLanguage\":\"fr-FR\",\"potentialAction\":[{\"@type\":\"ReadAction\",\"target\":[\"https:\/\/azores-tours.com\/fr\/tours\/lagoa-do-fogo\/\"]}]}]}<\/script>\n<!-- \/ Yoast SEO plugin. -->","_links":{"self":[{"href":"https:\/\/azores-tours.com\/fr\/wp-json\/wp\/v2\/product\/1922"}],"collection":[{"href":"https:\/\/azores-tours.com\/fr\/wp-json\/wp\/v2\/product"}],"about":[{"href":"https:\/\/azores-tours.com\/fr\/wp-json\/wp\/v2\/types\/product"}],"replies":[{"embeddable":true,"href":"https:\/\/azores-tours.com\/fr\/wp-json\/wp\/v2\/comments?post=1922"}],"wp:featuredmedia":[{"embeddable":true,"href":"https:\/\/azores-tours.com\/fr\/wp-json\/wp\/v2\/media\/3038"}],"wp:attachment":[{"href":"https:\/\/azores-tours.com\/fr\/wp-json\/wp\/v2\/media?parent=1922"}],"curies":[{"name":"wp","href":"https:\/\/api.w.org\/{rel}","templated":true}]}}