{"id":1918,"date":"2020-09-04T10:12:48","date_gmt":"2020-09-04T10:12:48","guid":{"rendered":"http:\/\/azores-tours.com\/product\/sete-cidades\/"},"modified":"2026-05-14T11:41:14","modified_gmt":"2026-05-14T11:41:14","slug":"sete-cidades","status":"publish","type":"product","link":"https:\/\/azores-tours.com\/fr\/tours\/sete-cidades\/","title":{"rendered":"Lagon des Sete Cidades"},"content":{"rendered":"<p>[vc_row][vc_column][vc_column_text]D\u00e9part de la ville de Ponta Delgada. Le premier arr\u00eat est \u00e0 Miradouro do Carv\u00e3o, o\u00f9 vous pouvez voir la c\u00f4te nord et sud de l&rsquo;\u00eele. Nous continuons vers Lagoa do Can\u00e1rio, situ\u00e9 au milieu d&rsquo;une v\u00e9g\u00e9tation dense d&rsquo;arbres cryptom\u00e8res. Nous continuons vers le point de vue Vista do Rei pour profiter de l&rsquo;une des 7 merveilles du Portugal, la Lagoa das Sete Cidades.<\/p>\n<p>Le prochain arr\u00eat est le point de vue du Cerrado das Freiras, o\u00f9 vous pouvez avoir une autre vue sur la paroisse et Lagoa das Sete Cidades. La visite se poursuit vers Lagoa de Santiago, un autre de nos crat\u00e8res volcaniques.<\/p>\n<p>Nous faisons une petite pause dans la paroisse de Sete Cidades, o\u00f9 vous pouvez visiter l&rsquo;\u00e9glise de S\u00e3o Nicolau ou simplement profite de la beaut\u00e9 de la nature.<\/p>\n<p>Nous continuons le tour le long de la c\u00f4te ouest de l&rsquo;\u00eele, en passant par plusieurs paroisses vers Ponta Delgada pour visiter une plantation d&rsquo;ananas dans des serres de verre, unique au monde.<\/p>\n<p>C&rsquo;est la fin de notre tourn\u00e9e.<\/p>\n<p><strong>Conditions:<\/strong><br \/>\nTout les circuits commence et termine \u00e0 l\u2019h\u00f4tel.<br \/>\nTours de jour et demi &#8211; 09h00 \u00e0 12h30 ou 14h00 \u00e0 17h00<br \/>\nSi vous avez une id\u00e9e por l\u2019itin\u00e9raire faites le plaisir de nous informer et on \u00e0 tout le plaisir de vous aidez.<br \/>\nPour plus d\u2019informations, contactez nous![\/vc_column_text][\/vc_column][\/vc_row][vc_row][vc_column][vc_raw_html]JTBBJTNDJTIxLS0lMjBGYXJlaGFyYm9yJTIwSW50ZWdyYXRpb24lMjAtLSUzRSUwQSUzQ2RpdiUyMGNsYXNzJTNEJTIyZmhDYWxlbmRhciUyMiUzRSUwQSUzQyUyMS0tJTIwRmFyZUhhcmJvciUyMGNhbGVuZGFyJTIwb2YlMjBmbG93JTIwJTIzOTg1MDQwJTIwLS0lM0UlMEElM0NzY3JpcHQlMjBzcmMlM0QlMjJodHRwcyUzQSUyRiUyRmZhcmVoYXJib3IuY29tJTJGZW1iZWRzJTJGc2NyaXB0JTJGY2FsZW5kYXIlMkZhem9yZXMtdG91cnMlMkYlM0ZmYWxsYmFjayUzRHNpbXBsZSUyNmZ1bGwtaXRlbXMlM0R5ZXMlMjZmbG93JTNEOTg1MDQwJTIyJTNFJTNDJTJGc2NyaXB0JTNFJTBBJTNDJTJGZGl2JTNFJTBBJTNDc2NyaXB0JTNFJTIwJTIwJTBBJTIwJTIwalF1ZXJ5JTI4ZG9jdW1lbnQlMjkucmVhZHklMjhmdW5jdGlvbiUyOCUyNCUyOSU3QiUwQXZhciUyMGZoQ2FsZW5kYXIlMjAlM0QlMjAlMjQlMjglMjcuZmhDYWxlbmRhciUyNyUyOSUzQiUwQSUyNCUyOCUyNyUyM3RvdXJCb29raW5nRm9ybSUyNyUyOS5yZXBsYWNlV2l0aCUyOGZoQ2FsZW5kYXIlMjklM0IlMEElMjAlMjAlN0QlMjklM0IlMEElM0MlMkZzY3JpcHQlM0U=[\/vc_raw_html][\/vc_column][\/vc_row]<\/p>\n","protected":false},"excerpt":{"rendered":"<p>D\u00e9part de la ville de <em>Ponta Delgada<\/em>. Le premier arr\u00eat est \u00e0 <em>Miradouro do Carv\u00e3o<\/em>, o\u00f9 vous pouvez voir la c\u00f4te nord et sud de l&rsquo;\u00eele. Nous continuons vers <em>Lagoa do Can\u00e1rio<\/em>, situ\u00e9 au milieu d&rsquo;une v\u00e9g\u00e9tation dense d&rsquo;arbres cryptom\u00e8res. Nous continuons vers le point de vue Vista do Rei pour profiter de l&rsquo;une des 7 merveilles du <em>Portugal<\/em>, la <em>Lagoa das Sete Cidades<\/em>.<\/p>\n","protected":false},"featured_media":3033,"comment_status":"open","ping_status":"closed","template":"","meta":[],"yoast_head":"<!-- This site is optimized with the Yoast SEO plugin v14.9 - https:\/\/yoast.com\/wordpress\/plugins\/seo\/ -->\n<title>Lagon des Sete Cidades - Azores Tours<\/title>\n<meta name=\"robots\" content=\"index, follow, max-snippet:-1, max-image-preview:large, max-video-preview:-1\" \/>\n<link rel=\"canonical\" href=\"https:\/\/azores-tours.com\/fr\/tours\/sete-cidades\/\" \/>\n<meta property=\"og:locale\" content=\"fr_FR\" \/>\n<meta property=\"og:type\" content=\"article\" \/>\n<meta property=\"og:title\" content=\"Lagon des Sete Cidades - Azores Tours\" \/>\n<meta property=\"og:description\" content=\"D\u00e9part de la ville de Ponta Delgada. Le premier arr\u00eat est \u00e0 Miradouro do Carv\u00e3o, o\u00f9 vous pouvez voir la c\u00f4te nord et sud de l&#039;\u00eele. Nous continuons vers Lagoa do Can\u00e1rio, situ\u00e9 au milieu d&#039;une v\u00e9g\u00e9tation dense d&#039;arbres cryptom\u00e8res. Nous continuons vers le point de vue Vista do Rei pour profiter de l&#039;une des 7 merveilles du Portugal, la Lagoa das Sete Cidades.\" \/>\n<meta property=\"og:url\" content=\"https:\/\/azores-tours.com\/fr\/tours\/sete-cidades\/\" \/>\n<meta property=\"og:site_name\" content=\"Azores Tours\" \/>\n<meta property=\"article:modified_time\" content=\"2026-05-14T11:41:14+00:00\" \/>\n<meta property=\"og:image\" content=\"https:\/\/azores-tours.com\/wp-content\/uploads\/2020\/09\/IMG_20220915_171107-scaled.jpg\" \/>\n\t<meta property=\"og:image:width\" content=\"2560\" \/>\n\t<meta property=\"og:image:height\" content=\"1922\" \/>\n<meta name=\"twitter:card\" content=\"summary_large_image\" \/>\n<script type=\"application\/ld+json\" class=\"yoast-schema-graph\">{\"@context\":\"https:\/\/schema.org\",\"@graph\":[{\"@type\":\"WebSite\",\"@id\":\"https:\/\/azores-tours.com\/fr\/#website\",\"url\":\"https:\/\/azores-tours.com\/fr\/\",\"name\":\"Azores Tours\",\"description\":\"Circuitos e Passeios Tur\\u00edsticos em S\\u00e3o Miguel A\\u00e7ores\",\"potentialAction\":[{\"@type\":\"SearchAction\",\"target\":\"https:\/\/azores-tours.com\/fr\/?s={search_term_string}\",\"query-input\":\"required name=search_term_string\"}],\"inLanguage\":\"fr-FR\"},{\"@type\":\"ImageObject\",\"@id\":\"https:\/\/azores-tours.com\/fr\/tours\/sete-cidades\/#primaryimage\",\"inLanguage\":\"fr-FR\",\"url\":\"https:\/\/azores-tours.com\/wp-content\/uploads\/2020\/09\/IMG_20220915_171107-scaled.jpg\",\"width\":2560,\"height\":1922},{\"@type\":\"WebPage\",\"@id\":\"https:\/\/azores-tours.com\/fr\/tours\/sete-cidades\/#webpage\",\"url\":\"https:\/\/azores-tours.com\/fr\/tours\/sete-cidades\/\",\"name\":\"Lagon des Sete Cidades - Azores Tours\",\"isPartOf\":{\"@id\":\"https:\/\/azores-tours.com\/fr\/#website\"},\"primaryImageOfPage\":{\"@id\":\"https:\/\/azores-tours.com\/fr\/tours\/sete-cidades\/#primaryimage\"},\"datePublished\":\"2020-09-04T10:12:48+00:00\",\"dateModified\":\"2026-05-14T11:41:14+00:00\",\"inLanguage\":\"fr-FR\",\"potentialAction\":[{\"@type\":\"ReadAction\",\"target\":[\"https:\/\/azores-tours.com\/fr\/tours\/sete-cidades\/\"]}]}]}<\/script>\n<!-- \/ Yoast SEO plugin. -->","_links":{"self":[{"href":"https:\/\/azores-tours.com\/fr\/wp-json\/wp\/v2\/product\/1918"}],"collection":[{"href":"https:\/\/azores-tours.com\/fr\/wp-json\/wp\/v2\/product"}],"about":[{"href":"https:\/\/azores-tours.com\/fr\/wp-json\/wp\/v2\/types\/product"}],"replies":[{"embeddable":true,"href":"https:\/\/azores-tours.com\/fr\/wp-json\/wp\/v2\/comments?post=1918"}],"wp:featuredmedia":[{"embeddable":true,"href":"https:\/\/azores-tours.com\/fr\/wp-json\/wp\/v2\/media\/3033"}],"wp:attachment":[{"href":"https:\/\/azores-tours.com\/fr\/wp-json\/wp\/v2\/media?parent=1918"}],"curies":[{"name":"wp","href":"https:\/\/api.w.org\/{rel}","templated":true}]}}