{"id":1914,"date":"2020-09-04T09:40:17","date_gmt":"2020-09-04T09:40:17","guid":{"rendered":"http:\/\/azores-tours.com\/product\/furnas\/"},"modified":"2025-04-19T17:21:47","modified_gmt":"2025-04-19T17:21:47","slug":"furnas","status":"publish","type":"product","link":"https:\/\/azores-tours.com\/fr\/tours\/furnas\/","title":{"rendered":"Furnas"},"content":{"rendered":"<p>[vc_row][vc_column][vc_column_text]D\u00e9part de la ville de Ponta Delgada. Nous allons vers Furnas le long de la c\u00f4te sud de l\u2019\u00eele, notre premier arr\u00eat est \u00e0 la ville de Lagoa, o\u00f9 vous pouvez voir la mer et une petite ville appel\u00e9e Caloura avec une zone de p\u00eache et une piscine naturelle.<\/p>\n<p>Sur le chemin pour Vila Franca do Campo, la premi\u00e8re capitale de l\u2019\u00eele, nous nous sommes arr\u00eat\u00e9s au belv\u00e9d\u00e8re Nossa Senhora da Paz (Notre Dame de la Paix) o\u00f9 il ya une petite \u00e9glise sur la colline avec une vue magnifique sur la ville, la mer et l&rsquo;\u00eelot du m\u00eame nom que le village, form\u00e9 par une \u00e9ruption volcanique. Nous continuons la tourn\u00e9e vers les Furnas o\u00f9 la lagune des Furnas nous accueille \u00e0 l\u2019entr\u00e9e de la ville. Ces \u00e0 c\u00f4te de l\u2019une des berges du lagon que c\u2019est fait le rago\u00fbt de chaudi\u00e9re. (entr\u00e9es non inclus)<\/p>\n<p>Puis d\u00e9jeuner, le famoux rago\u00fbt des Furnas. Si vous ne voulez pas manger le rago\u00fbt, vous aurez une alternative. Nous irons \u00e9galement au parc botanique Terra Nostra (entr\u00e9es non inclus), o\u00f9 il est possible de profiter d\u2019environ une heure baigner dans les eaux thermales chauff\u00e9es ou se promener dans le parc.<\/p>\n<p>Nous continuons vers le centre de la paroisse pour appr\u00e9cier autres chaudi\u00e8res \u00e0 eau bouillante et gouter les eaux typiques, certains naturellement gaz\u00e9ifi\u00e9e, qui courent dans diff\u00e9rents becs. Puis nous revenons \u00e0 Ponta Delgada \u00e0 travers du c\u00f4t\u00e9 nord, on arr\u00eat\u00e9s au belv\u00e9d\u00e8re Pico do Ferro o\u00f9 vous pouvez voir la lagune et la paroisse de Furnas, qui est ins\u00e9r\u00e9e dans une crat\u00e8re.<\/p>\n<p>On fait une visite \u00e0 la plantation et \u00e0 la fabrique de \u201cCh\u00e1 Gorreana\u201d, unique on tout l\u2019Europe, et est actif depouis 1883. Et l\u00e1 vous pouvez savourer le plus fameux th\u00e9 vert et th\u00e9 noir de l\u2019\u00eele.<\/p>\n<p>Le derni\u00e9re point d\u2019interet c\u2019est l&rsquo;unique vue au belv\u00e9d\u00e8re de Santa Iria, o\u00f9 vous avez une vue unique sur la c\u00f4t\u00e9 nord et le mer. C\u2019est id\u00e9al pour photographier.<\/p>\n<p>C&rsquo;est la fin de notre tourn\u00e9e.<\/p>\n<p><strong>Conditions:<\/strong><br \/>\nTout les circuits commence et termine \u00e0 l\u2019h\u00f4tel.<br \/>\nTours de tout l\u00e1 journ\u00e9e &#8211; 09h00 \u00e0 17h00<br \/>\nSi vous avez une id\u00e9e por l\u2019itin\u00e9raire faites le plaisir de nous informer et on \u00e0 tout le plaisir de vous aidez.<br \/>\nPour plus d\u2019informations, contactez nous![\/vc_column_text][vc_raw_html]JTNDJTIxLS0lMjBGYXJlaGFyYm9yJTIwSW50ZWdyYXRpb24lMjAtLSUzRSUwQSUzQ2RpdiUyMGNsYXNzJTNEJTIyZmhDYWxlbmRhciUyMiUzRSUzQyUyMS0tJTIwRmFyZUhhcmJvciUyMGNhbGVuZGFyJTIwb2YlMjBmbG93JTIwJTIzOTg1MDM3JTIwLS0lM0UlMEElM0NzY3JpcHQlMjBzcmMlM0QlMjJodHRwcyUzQSUyRiUyRmZhcmVoYXJib3IuY29tJTJGZW1iZWRzJTJGc2NyaXB0JTJGY2FsZW5kYXIlMkZhem9yZXMtdG91cnMlMkYlM0ZmYWxsYmFjayUzRHNpbXBsZSUyNmZ1bGwtaXRlbXMlM0R5ZXMlMjZmbG93JTNEOTg1MDM3JTIyJTNFJTNDJTJGc2NyaXB0JTNFJTNDJTJGZGl2JTNFJTBBJTNDc2NyaXB0JTNFJTIwJTIwJTBBJTIwJTIwalF1ZXJ5JTI4ZG9jdW1lbnQlMjkucmVhZHklMjhmdW5jdGlvbiUyOCUyNCUyOSU3QiUwQXZhciUyMGZoQ2FsZW5kYXIlMjAlM0QlMjAlMjQlMjglMjcuZmhDYWxlbmRhciUyNyUyOSUzQiUwQSUyNCUyOCUyNyUyM3RvdXJCb29raW5nRm9ybSUyNyUyOS5yZXBsYWNlV2l0aCUyOGZoQ2FsZW5kYXIlMjklM0IlMEElMjAlMjAlN0QlMjklM0IlMEElM0MlMkZzY3JpcHQlM0U=[\/vc_raw_html][\/vc_column][\/vc_row][vc_row][vc_column][vc_raw_html]PHA+SSBhbSByYXcgaHRtbCBibG9jay48YnIvPkNsaWNrIGVkaXQgYnV0dG9uIHRvIGNoYW5nZSB0aGlzIGh0bWw8L3A+[\/vc_raw_html][\/vc_column][\/vc_row]<\/p>\n","protected":false},"excerpt":{"rendered":"<p>D\u00e9part de la ville de Ponta delgada. Nous allons vers <em>Furnas<\/em> le long de la c\u00f4te sud de l\u2019\u00eele, notre premier arr\u00eat est \u00e0 l\u2019usine de c\u00e9ramique Viera, actif depouis 1862, situe dans la ville de Lagoa. Vers <em>Vila Franca<\/em>, o\u00f9 vous pouvez voir la mer et une petite ville appel\u00e9e <em>Caloura <\/em>avec une zone de p\u00eache et une piscine naturelle.<\/p>\n","protected":false},"featured_media":1681,"comment_status":"open","ping_status":"closed","template":"","meta":[],"yoast_head":"<!-- This site is optimized with the Yoast SEO plugin v14.9 - https:\/\/yoast.com\/wordpress\/plugins\/seo\/ -->\n<title>Furnas - Azores Tours<\/title>\n<meta name=\"robots\" content=\"index, follow, max-snippet:-1, max-image-preview:large, max-video-preview:-1\" \/>\n<link rel=\"canonical\" href=\"https:\/\/azores-tours.com\/fr\/tours\/furnas\/\" \/>\n<meta property=\"og:locale\" content=\"fr_FR\" \/>\n<meta property=\"og:type\" content=\"article\" \/>\n<meta property=\"og:title\" content=\"Furnas - Azores Tours\" \/>\n<meta property=\"og:description\" content=\"D\u00e9part de la ville de Ponta delgada. Nous allons vers Furnas le long de la c\u00f4te sud de l\u2019\u00eele, notre premier arr\u00eat est \u00e0 l\u2019usine de c\u00e9ramique Viera, actif depouis 1862, situe dans la ville de Lagoa. Vers Vila Franca, o\u00f9 vous pouvez voir la mer et une petite ville appel\u00e9e Caloura avec une zone de p\u00eache et une piscine naturelle.\" \/>\n<meta property=\"og:url\" content=\"https:\/\/azores-tours.com\/fr\/tours\/furnas\/\" \/>\n<meta property=\"og:site_name\" content=\"Azores Tours\" \/>\n<meta property=\"article:modified_time\" content=\"2025-04-19T17:21:47+00:00\" \/>\n<meta property=\"og:image\" content=\"https:\/\/azores-tours.com\/wp-content\/uploads\/2020\/09\/imagem-central.jpg\" \/>\n\t<meta property=\"og:image:width\" content=\"1060\" \/>\n\t<meta property=\"og:image:height\" content=\"594\" \/>\n<meta name=\"twitter:card\" content=\"summary_large_image\" \/>\n<script type=\"application\/ld+json\" class=\"yoast-schema-graph\">{\"@context\":\"https:\/\/schema.org\",\"@graph\":[{\"@type\":\"WebSite\",\"@id\":\"https:\/\/azores-tours.com\/fr\/#website\",\"url\":\"https:\/\/azores-tours.com\/fr\/\",\"name\":\"Azores Tours\",\"description\":\"Circuitos e Passeios Tur\\u00edsticos em S\\u00e3o Miguel A\\u00e7ores\",\"potentialAction\":[{\"@type\":\"SearchAction\",\"target\":\"https:\/\/azores-tours.com\/fr\/?s={search_term_string}\",\"query-input\":\"required name=search_term_string\"}],\"inLanguage\":\"fr-FR\"},{\"@type\":\"ImageObject\",\"@id\":\"https:\/\/azores-tours.com\/fr\/tours\/furnas\/#primaryimage\",\"inLanguage\":\"fr-FR\",\"url\":\"https:\/\/azores-tours.com\/wp-content\/uploads\/2020\/09\/imagem-central.jpg\",\"width\":1060,\"height\":594},{\"@type\":\"WebPage\",\"@id\":\"https:\/\/azores-tours.com\/fr\/tours\/furnas\/#webpage\",\"url\":\"https:\/\/azores-tours.com\/fr\/tours\/furnas\/\",\"name\":\"Furnas - Azores Tours\",\"isPartOf\":{\"@id\":\"https:\/\/azores-tours.com\/fr\/#website\"},\"primaryImageOfPage\":{\"@id\":\"https:\/\/azores-tours.com\/fr\/tours\/furnas\/#primaryimage\"},\"datePublished\":\"2020-09-04T09:40:17+00:00\",\"dateModified\":\"2025-04-19T17:21:47+00:00\",\"inLanguage\":\"fr-FR\",\"potentialAction\":[{\"@type\":\"ReadAction\",\"target\":[\"https:\/\/azores-tours.com\/fr\/tours\/furnas\/\"]}]}]}<\/script>\n<!-- \/ Yoast SEO plugin. -->","_links":{"self":[{"href":"https:\/\/azores-tours.com\/fr\/wp-json\/wp\/v2\/product\/1914"}],"collection":[{"href":"https:\/\/azores-tours.com\/fr\/wp-json\/wp\/v2\/product"}],"about":[{"href":"https:\/\/azores-tours.com\/fr\/wp-json\/wp\/v2\/types\/product"}],"replies":[{"embeddable":true,"href":"https:\/\/azores-tours.com\/fr\/wp-json\/wp\/v2\/comments?post=1914"}],"wp:featuredmedia":[{"embeddable":true,"href":"https:\/\/azores-tours.com\/fr\/wp-json\/wp\/v2\/media\/1681"}],"wp:attachment":[{"href":"https:\/\/azores-tours.com\/fr\/wp-json\/wp\/v2\/media?parent=1914"}],"curies":[{"name":"wp","href":"https:\/\/api.w.org\/{rel}","templated":true}]}}