{"id":1910,"date":"2015-07-15T12:01:46","date_gmt":"2015-07-15T12:01:46","guid":{"rendered":"http:\/\/azores-tours.com\/product\/sete-cidades-lagoa-do-fogo\/"},"modified":"2025-07-29T20:20:23","modified_gmt":"2025-07-29T20:20:23","slug":"sete-cidades-lagoa-do-fogo","status":"publish","type":"product","link":"https:\/\/azores-tours.com\/fr\/tours\/sete-cidades-lagoa-do-fogo\/","title":{"rendered":"Lagon des Sete Cidades &#038; Lagon de Fogo"},"content":{"rendered":"<p>[vc_row][vc_column][vc_column_text]D\u00e9part de la ville de <em>Ponta Delgada. <\/em>Le premier arr\u00eat est \u00e0 <em>Miradouro do Carv\u00e3o<\/em>, o\u00f9 vous pouvez voir la c\u00f4te nord et sud de l&rsquo;\u00eele. Nous continuons vers <em>Lagoa do Can\u00e1rio, <\/em>situ\u00e9 au milieu d&rsquo;une v\u00e9g\u00e9tation dense d&rsquo;arbres cryptom\u00e8res. Nous continuons vers le point de vue Vista do Rei pour profiter de l&rsquo;une des 7 merveilles du Portugal, la <em>Lagoa das Sete Cidades<\/em>.<\/p>\n<p>Le prochain arr\u00eat est le point de vue du <em>Cerrado das Freiras<\/em>, o\u00f9 vous pouvez avoir une autre vue sur la paroisse et <em>Lagoa das Sete Cidades<\/em>. La visite se poursuit vers <em>Lagoa de Santiago<\/em>, un autre de nos crat\u00e8res volcaniques.<\/p>\n<p>&nbsp;<\/p>\n<p>Nous faisons une petite pause dans la paroisse de <em>Sete Cidades<\/em>, o\u00f9 vous pouvez visiter l&rsquo;\u00e9glise de <em>S\u00e3o Nicolau <\/em>ou simplement profite de la beaut\u00e9 de la nature. Poursuivant notre visite nous allons au point de vue d&rsquo;<em>Escalvado<\/em>, o\u00f9 vous pouvez voir la paroisse <em>Mosteiros<\/em> et <em>Ferraria<\/em>. Nous continuons notre tour le long de la c\u00f4te ouest de l&rsquo;\u00eele, en passant par plusieurs paroisses ayant toujours une vue incroyable sur la mer et les montagnes. Arr\u00eat pour le d\u00e9jeuner, menu de votre choix (Poisson, viande ou v\u00e9g\u00e9tarien).<\/p>\n<p>&nbsp;<\/p>\n<p>On suite on visite le centre de la ville <em>Ribeira Grande <\/em>o\u00f9\u00a0 vous peuveux voir une petite rivi\u00e8re avec une petite cascade, qui traverse le jardin.<\/p>\n<p>&nbsp;<\/p>\n<p>Cela donne son nom \u00e0 la ville. Nous continuons la tourn\u00e9e vers l&rsquo;usine de liqueurs \u00ab\u00a0<em>Mulher de Capot\u00a0\u00bb <\/em>o\u00f9 vous pourrez d\u00e9guster des liqueurs \u00e0 base de fruits de l&rsquo;\u00eele et aussi des liqueurs de lait.<\/p>\n<p>&nbsp;<\/p>\n<p>Nous commenc\u00e9 la mont\u00e9e sur la montagne de <em>Lagoa do Fogo, <\/em>nous nous arr\u00eatons environ 30 minutes pour visiter <em>Caldeira Velha <\/em>(billets non inclus), o\u00f9 vous pourrez profiter d&rsquo;une chaudi\u00e8re \u00e0 eau bouillante et d&rsquo;une cascade avec une piscine naturelle. (possibilit\u00e9 de baignade). Nous continuons notre ascension,\u00a0 profitant de vues de la paysage naturel prot\u00e9g\u00e9 de <em>Lagoa do Fogo,<\/em> nous nous arr\u00eaterons \u00e0 plusieurs points de vue. Le sommet de la montagne \u00e0 947 m\u00e8tres d&rsquo;altitude. Quand nous atteignons le sommet de la montagne, le retour se fait par la c\u00f4te sud de l&rsquo;\u00eele vers la vile de <em>Ponta Delgada <\/em>pour visiter une plantation d&rsquo;ananas dans des serres de verre, unique au monde.<\/p>\n<p>C&rsquo;est la fin de notre tourn\u00e9e.<\/p>\n<p><strong>Conditions:<\/strong><br \/>\nTout les circuits commence et termine \u00e0 l\u2019h\u00f4tel.<br \/>\nTours de tout l\u00e1 journ\u00e9e &#8211; 09h00 \u00e0 17h00<br \/>\nSi vous avez une id\u00e9e por l\u2019itin\u00e9raire faites le plaisir de nous informer et on \u00e0 tout le plaisir de vous aidez.<br \/>\nPour plus d\u2019informations, contactez nous![\/vc_column_text][\/vc_column][\/vc_row][vc_row][vc_column][vc_raw_html]JTNDJTIxLS0lMjBGYXJlaGFyYm9yJTIwSW50ZWdyYXRpb24lMjAtLSUzRSUwQSUzQ2RpdiUyMGNsYXNzJTNEJTIyZmhDYWxlbmRhciUyMiUzRSUwQSUzQyUyMS0tJTIwRmFyZUhhcmJvciUyMGNhbGVuZGFyJTIwb2YlMjBmbG93JTIwJTIzOTg1MDUwJTIwLS0lM0UlMEElM0NzY3JpcHQlMjBzcmMlM0QlMjJodHRwcyUzQSUyRiUyRmZhcmVoYXJib3IuY29tJTJGZW1iZWRzJTJGc2NyaXB0JTJGY2FsZW5kYXIlMkZhem9yZXMtdG91cnMlMkYlM0ZmYWxsYmFjayUzRHNpbXBsZSUyNmZ1bGwtaXRlbXMlM0R5ZXMlMjZmbG93JTNEOTg1MDUwJTIyJTNFJTNDJTJGc2NyaXB0JTNFJTNDJTJGZGl2JTNFJTBBJTNDc2NyaXB0JTNFJTIwJTIwJTBBJTIwJTIwalF1ZXJ5JTI4ZG9jdW1lbnQlMjkucmVhZHklMjhmdW5jdGlvbiUyOCUyNCUyOSU3QiUwQXZhciUyMGZoQ2FsZW5kYXIlMjAlM0QlMjAlMjQlMjglMjcuZmhDYWxlbmRhciUyNyUyOSUzQiUwQSUyNCUyOCUyNyUyM3RvdXJCb29raW5nRm9ybSUyNyUyOS5yZXBsYWNlV2l0aCUyOGZoQ2FsZW5kYXIlMjklM0IlMEElMjAlMjAlN0QlMjklM0IlMEElM0MlMkZzY3JpcHQlM0UlMEE=[\/vc_raw_html][\/vc_column][\/vc_row]<\/p>\n","protected":false},"excerpt":{"rendered":"<p>D\u00e9part de la ville de <em>Ponta Delgada. <\/em>Le premier arr\u00eat est \u00e0 <em>Miradouro do Carv\u00e3o<\/em>, o\u00f9 vous pouvez voir la c\u00f4te nord et sud de l&rsquo;\u00eele.<\/p>\n","protected":false},"featured_media":3028,"comment_status":"open","ping_status":"closed","template":"","meta":[],"yoast_head":"<!-- This site is optimized with the Yoast SEO plugin v14.9 - https:\/\/yoast.com\/wordpress\/plugins\/seo\/ -->\n<title>Lagon des Sete Cidades &amp; Lagon de Fogo - Azores Tours<\/title>\n<meta name=\"robots\" content=\"index, follow, max-snippet:-1, max-image-preview:large, max-video-preview:-1\" \/>\n<link rel=\"canonical\" href=\"https:\/\/azores-tours.com\/fr\/tours\/sete-cidades-lagoa-do-fogo\/\" \/>\n<meta property=\"og:locale\" content=\"fr_FR\" \/>\n<meta property=\"og:type\" content=\"article\" \/>\n<meta property=\"og:title\" content=\"Lagon des Sete Cidades &amp; Lagon de Fogo - Azores Tours\" \/>\n<meta property=\"og:description\" content=\"D\u00e9part de la ville de Ponta Delgada. Le premier arr\u00eat est \u00e0 Miradouro do Carv\u00e3o, o\u00f9 vous pouvez voir la c\u00f4te nord et sud de l&#039;\u00eele.\" \/>\n<meta property=\"og:url\" content=\"https:\/\/azores-tours.com\/fr\/tours\/sete-cidades-lagoa-do-fogo\/\" \/>\n<meta property=\"og:site_name\" content=\"Azores Tours\" \/>\n<meta property=\"article:modified_time\" content=\"2025-07-29T20:20:23+00:00\" \/>\n<meta property=\"og:image\" content=\"https:\/\/azores-tours.com\/wp-content\/uploads\/2015\/07\/1737585288377-scaled.jpg\" \/>\n\t<meta property=\"og:image:width\" content=\"2560\" \/>\n\t<meta property=\"og:image:height\" content=\"1920\" \/>\n<meta name=\"twitter:card\" content=\"summary_large_image\" \/>\n<script type=\"application\/ld+json\" class=\"yoast-schema-graph\">{\"@context\":\"https:\/\/schema.org\",\"@graph\":[{\"@type\":\"WebSite\",\"@id\":\"https:\/\/azores-tours.com\/fr\/#website\",\"url\":\"https:\/\/azores-tours.com\/fr\/\",\"name\":\"Azores Tours\",\"description\":\"Circuitos e Passeios Tur\\u00edsticos em S\\u00e3o Miguel A\\u00e7ores\",\"potentialAction\":[{\"@type\":\"SearchAction\",\"target\":\"https:\/\/azores-tours.com\/fr\/?s={search_term_string}\",\"query-input\":\"required name=search_term_string\"}],\"inLanguage\":\"fr-FR\"},{\"@type\":\"ImageObject\",\"@id\":\"https:\/\/azores-tours.com\/fr\/tours\/sete-cidades-lagoa-do-fogo\/#primaryimage\",\"inLanguage\":\"fr-FR\",\"url\":\"https:\/\/azores-tours.com\/wp-content\/uploads\/2015\/07\/1737585288377-scaled.jpg\",\"width\":2560,\"height\":1920},{\"@type\":\"WebPage\",\"@id\":\"https:\/\/azores-tours.com\/fr\/tours\/sete-cidades-lagoa-do-fogo\/#webpage\",\"url\":\"https:\/\/azores-tours.com\/fr\/tours\/sete-cidades-lagoa-do-fogo\/\",\"name\":\"Lagon des Sete Cidades & Lagon de Fogo - Azores Tours\",\"isPartOf\":{\"@id\":\"https:\/\/azores-tours.com\/fr\/#website\"},\"primaryImageOfPage\":{\"@id\":\"https:\/\/azores-tours.com\/fr\/tours\/sete-cidades-lagoa-do-fogo\/#primaryimage\"},\"datePublished\":\"2015-07-15T12:01:46+00:00\",\"dateModified\":\"2025-07-29T20:20:23+00:00\",\"inLanguage\":\"fr-FR\",\"potentialAction\":[{\"@type\":\"ReadAction\",\"target\":[\"https:\/\/azores-tours.com\/fr\/tours\/sete-cidades-lagoa-do-fogo\/\"]}]}]}<\/script>\n<!-- \/ Yoast SEO plugin. -->","_links":{"self":[{"href":"https:\/\/azores-tours.com\/fr\/wp-json\/wp\/v2\/product\/1910"}],"collection":[{"href":"https:\/\/azores-tours.com\/fr\/wp-json\/wp\/v2\/product"}],"about":[{"href":"https:\/\/azores-tours.com\/fr\/wp-json\/wp\/v2\/types\/product"}],"replies":[{"embeddable":true,"href":"https:\/\/azores-tours.com\/fr\/wp-json\/wp\/v2\/comments?post=1910"}],"wp:featuredmedia":[{"embeddable":true,"href":"https:\/\/azores-tours.com\/fr\/wp-json\/wp\/v2\/media\/3028"}],"wp:attachment":[{"href":"https:\/\/azores-tours.com\/fr\/wp-json\/wp\/v2\/media?parent=1910"}],"curies":[{"name":"wp","href":"https:\/\/api.w.org\/{rel}","templated":true}]}}