{"id":2331,"date":"2022-02-17T15:05:42","date_gmt":"2022-02-17T15:05:42","guid":{"rendered":"https:\/\/azores-tours.com\/croisieres\/"},"modified":"2025-02-13T19:52:20","modified_gmt":"2025-02-13T19:52:20","slug":"croisieres","status":"publish","type":"page","link":"https:\/\/azores-tours.com\/fr\/croisieres\/","title":{"rendered":"Croisi\u00e8res"},"content":{"rendered":"<p>Pedro Ferreira Azores Tours vous souhaite une agr\u00e9able exp\u00e9rience sur l&rsquo;\u00eele de S\u00e3o Miguel, nous avons donc soigneusement cr\u00e9\u00e9 des forfaits de 4 excursions flexibles en fonction des diff\u00e9rentes conditions m\u00e9t\u00e9orologiques et de votre temps disponible. Comme les navires de croisi\u00e8re ne restent ici que peu de temps, les passagers du navire essaient d&rsquo;en profiter au maximum.<\/p>\n<p>Pedro Ferreira Azores Tours a cr\u00e9\u00e9 une liste sp\u00e9ciale d&rsquo;excursions qui peuvent \u00eatre effectu\u00e9es pendant votre s\u00e9jour. Nous vous recommandons donc notre circuit # Lagoa das Sete Cidades ou # Lagoa do Fogo d&rsquo;une dur\u00e9e d&rsquo;environ 3h30 pour des visites plus courtes, et notre circuit # Lagoa das Sete Cidades avec Lagoa do Fogo et # Furnas d&rsquo;une dur\u00e9e d&rsquo;environ 6 heures pour des visites plus longues et notre circuit # Furnas comme alternative pour les jours de brouillard.<\/p>\n<p>&nbsp;<\/p>\n<p>Comment nous joindre :<\/p>\n<p>&nbsp;<\/p>\n<p>Lorsque votre navire accoste au port touristique, votre guide vous attendra \u00e0 l&rsquo;int\u00e9rieur du terminal avec une pancarte portant votre nom.<\/p>\n<p>Lorsque votre navire accostera au port de commerce, vous devrez prendre le bus, mis \u00e0 disposition par le port, qui vous am\u00e8nera jusqu&rsquo;\u00e0 la sortie du port de commerce. L\u00e0, votre guide vous attendra avec une pancarte portant votre nom \u00e0 l&rsquo;heure convenue.<\/p>\n<p>C&rsquo;est l&rsquo;une des priorit\u00e9s de notre entreprise de vous ramener au navire \u00e0 temps. De cette fa\u00e7on, vous aurez \u00e9galement le temps d&rsquo;explorer la ville de Ponta Delgada.<\/p>\n<p>Si vous souhaitez r\u00e9server l&rsquo;un de nos circuits, veuillez nous envoyer un email avec les informations suivantes : nombre de personnes dans votre groupe (adulte\/enfant) ; date de votre arriv\u00e9e; nom du navire de croisi\u00e8re; quel circuit souhaitez-vous r\u00e9server.<\/p>\n<p>Si vous pr\u00e9f\u00e9rez, vous pouvez effectuer votre r\u00e9servation via le site Internet et payer par carte de cr\u00e9dit.<\/p>\n<p>Pedro Ferreira Azores Tours vous souhaite de bonnes croisi\u00e8res.<\/p>\n","protected":false},"excerpt":{"rendered":"<p>Pedro Ferreira Azores Tours vous souhaite une agr\u00e9able exp\u00e9rience sur l&rsquo;\u00eele de S\u00e3o Miguel, nous avons donc soigneusement cr\u00e9\u00e9 des forfaits de 4 excursions flexibles en fonction des diff\u00e9rentes conditions m\u00e9t\u00e9orologiques et de votre temps disponible. Comme les navires de croisi\u00e8re ne restent ici que peu de temps, les passagers du navire essaient d&rsquo;en profiter<\/p>\n<div class=\"padding-top text-center\"><a href=\"https:\/\/azores-tours.com\/fr\/croisieres\/\" class=\"atbtn atbtn--medium atbtn--rounded atbtn--transparent\">Read more<i class=\"atbtn__icon atbtn__icon--right fa fa-long-arrow-right\"><\/i><\/a><\/div>\n","protected":false},"author":1,"featured_media":0,"parent":0,"menu_order":0,"comment_status":"closed","ping_status":"closed","template":"","meta":[],"yoast_head":"<!-- This site is optimized with the Yoast SEO plugin v14.9 - https:\/\/yoast.com\/wordpress\/plugins\/seo\/ -->\n<title>Croisi\u00e8res - Azores Tours<\/title>\n<meta name=\"robots\" content=\"index, follow, max-snippet:-1, max-image-preview:large, max-video-preview:-1\" \/>\n<link rel=\"canonical\" href=\"https:\/\/azores-tours.com\/fr\/croisieres\/\" \/>\n<meta property=\"og:locale\" content=\"fr_FR\" \/>\n<meta property=\"og:type\" content=\"article\" \/>\n<meta property=\"og:title\" content=\"Croisi\u00e8res - Azores Tours\" \/>\n<meta property=\"og:description\" content=\"Pedro Ferreira Azores Tours vous souhaite une agr\u00e9able exp\u00e9rience sur l&rsquo;\u00eele de S\u00e3o Miguel, nous avons donc soigneusement cr\u00e9\u00e9 des forfaits de 4 excursions flexibles en fonction des diff\u00e9rentes conditions m\u00e9t\u00e9orologiques et de votre temps disponible. Comme les navires de croisi\u00e8re ne restent ici que peu de temps, les passagers du navire essaient d&rsquo;en profiterRead more\" \/>\n<meta property=\"og:url\" content=\"https:\/\/azores-tours.com\/fr\/croisieres\/\" \/>\n<meta property=\"og:site_name\" content=\"Azores Tours\" \/>\n<meta property=\"article:modified_time\" content=\"2025-02-13T19:52:20+00:00\" \/>\n<meta name=\"twitter:card\" content=\"summary_large_image\" \/>\n<script type=\"application\/ld+json\" class=\"yoast-schema-graph\">{\"@context\":\"https:\/\/schema.org\",\"@graph\":[{\"@type\":\"WebSite\",\"@id\":\"https:\/\/azores-tours.com\/fr\/#website\",\"url\":\"https:\/\/azores-tours.com\/fr\/\",\"name\":\"Azores Tours\",\"description\":\"Circuitos e Passeios Tur\\u00edsticos em S\\u00e3o Miguel A\\u00e7ores\",\"potentialAction\":[{\"@type\":\"SearchAction\",\"target\":\"https:\/\/azores-tours.com\/fr\/?s={search_term_string}\",\"query-input\":\"required name=search_term_string\"}],\"inLanguage\":\"fr-FR\"},{\"@type\":\"WebPage\",\"@id\":\"https:\/\/azores-tours.com\/fr\/croisieres\/#webpage\",\"url\":\"https:\/\/azores-tours.com\/fr\/croisieres\/\",\"name\":\"Croisi\\u00e8res - Azores Tours\",\"isPartOf\":{\"@id\":\"https:\/\/azores-tours.com\/fr\/#website\"},\"datePublished\":\"2022-02-17T15:05:42+00:00\",\"dateModified\":\"2025-02-13T19:52:20+00:00\",\"inLanguage\":\"fr-FR\",\"potentialAction\":[{\"@type\":\"ReadAction\",\"target\":[\"https:\/\/azores-tours.com\/fr\/croisieres\/\"]}]}]}<\/script>\n<!-- \/ Yoast SEO plugin. -->","_links":{"self":[{"href":"https:\/\/azores-tours.com\/fr\/wp-json\/wp\/v2\/pages\/2331"}],"collection":[{"href":"https:\/\/azores-tours.com\/fr\/wp-json\/wp\/v2\/pages"}],"about":[{"href":"https:\/\/azores-tours.com\/fr\/wp-json\/wp\/v2\/types\/page"}],"author":[{"embeddable":true,"href":"https:\/\/azores-tours.com\/fr\/wp-json\/wp\/v2\/users\/1"}],"replies":[{"embeddable":true,"href":"https:\/\/azores-tours.com\/fr\/wp-json\/wp\/v2\/comments?post=2331"}],"version-history":[{"count":1,"href":"https:\/\/azores-tours.com\/fr\/wp-json\/wp\/v2\/pages\/2331\/revisions"}],"predecessor-version":[{"id":2954,"href":"https:\/\/azores-tours.com\/fr\/wp-json\/wp\/v2\/pages\/2331\/revisions\/2954"}],"wp:attachment":[{"href":"https:\/\/azores-tours.com\/fr\/wp-json\/wp\/v2\/media?parent=2331"}],"curies":[{"name":"wp","href":"https:\/\/api.w.org\/{rel}","templated":true}]}}