{"id":1564,"date":"2015-07-16T16:00:39","date_gmt":"2015-07-16T16:00:39","guid":{"rendered":"http:\/\/azores-tours.com\/contactos\/"},"modified":"2021-06-29T11:11:13","modified_gmt":"2021-06-29T11:11:13","slug":"contacts","status":"publish","type":"page","link":"https:\/\/azores-tours.com\/fr\/contacts\/","title":{"rendered":"Contacts"},"content":{"rendered":"<p>[vc_row el_class=\u00a0\u00bbmargin-bottom\u00a0\u00bb][vc_column offset=\u00a0\u00bbvc_col-md-6&Prime;]<div class=\"title\">\n\t\t\t<div class=\"title__subtitle\">Avez-vous un doute?<\/div>\n\t\t<h3 class=\"title__primary\">Contacts<\/h3>\n<\/div>\n[vc_column_text]Si vous avez une histoire \u00e0 partager ou une question qui n&rsquo;a pas trouv\u00e9 de r\u00e9ponse sur notre site Web, veuillez nous contacter en utilisant les coordonn\u00e9es ci-dessous ou remplir le formulaire \u00e0 droite.[\/vc_column_text]<div class=\"contact-info\">\n\t\n\t<div class=\"contact-info__item\"><span class=\"contact-info__item__icon\"><i class=\"fa fa-phone\"><\/i><\/span><span class=\"contact-info__item__text\">(+351) 911 584 662 \/ (+351) 961 445 849<\/span><\/div>\n\t\n\t<div class=\"contact-info__item\"><a href=\"mailto:pedro@azores-tours.com\"><span class=\"contact-info__item__icon\"><i class=\"fa fa-envelope contact-info__item__icon__email\"><\/i><\/span><span class=\"contact-info__item__text\">pedro@azores-tours.com<\/span><\/a><\/div>\n\t<div class=\"contact-info__item\"><a href=\"skype:azores-tours.skype\"><span class=\"contact-info__item__icon\"><i class=\"fa fa-skype\"><\/i><\/span><span class=\"contact-info__item__text\">azores-tours.skype<\/span><\/a><\/div><\/div>\n[vc_empty_space height=\u00a0\u00bb20px\u00a0\u00bb]<div class=\"social-icons social-icons--square\">\n\t<div class=\"social-icons__icons\">\n\t\t\t<a href=\"https:\/\/www.facebook.com\/pedroferreiraazorestours\/\" class=\"social-icons__icon social-icons__icon--facebook\"><i class=\"fa fa-facebook\"><\/i><\/a>\n\t\t\t\t\t\t\t\t\t\t\t\t\t<a href=\"http:\/\/www.tripadvisor.com.br\/Attraction_Review-g189134-d2209732-Reviews-Belazorica_Azores_Tours-Sao_Miguel_Azores.html\" class=\"social-icons__icon social-icons__icon--tripadvisor\"><i class=\"fa fa-tripadvisor\"><\/i><\/a>\n\t\t<\/div>\n<\/div>\n[\/vc_column][vc_column offset=\u00a0\u00bbvc_col-md-6&Prime;][vc_empty_space height=\u00a0\u00bb40px\u00a0\u00bb el_class=\u00a0\u00bbvisible-sm visible-xs\u00a0\u00bb]<div class=\"title\">\n\t\t\t<div class=\"title__subtitle\">Formulaire de contact<\/div>\n\t\t<h3 class=\"title__primary\">Parle-nous<\/h3>\n<\/div>\n<div role=\"form\" class=\"wpcf7\" id=\"wpcf7-f1574-o1\" lang=\"en-US\" dir=\"ltr\">\n<div class=\"screen-reader-response\" role=\"alert\" aria-live=\"polite\"><\/div>\n<form action=\"\/fr\/wp-json\/wp\/v2\/pages\/1564#wpcf7-f1574-o1\" method=\"post\" class=\"wpcf7-form init\" novalidate=\"novalidate\">\n<div style=\"display: none;\">\n<input type=\"hidden\" name=\"_wpcf7\" value=\"1574\" \/>\n<input type=\"hidden\" name=\"_wpcf7_version\" value=\"5.2.2\" \/>\n<input type=\"hidden\" name=\"_wpcf7_locale\" value=\"en_US\" \/>\n<input type=\"hidden\" name=\"_wpcf7_unit_tag\" value=\"wpcf7-f1574-o1\" \/>\n<input type=\"hidden\" name=\"_wpcf7_container_post\" value=\"0\" \/>\n<input type=\"hidden\" name=\"_wpcf7_posted_data_hash\" value=\"\" \/>\n<input type=\"hidden\" name=\"_wpcf7_recaptcha_response\" value=\"\" \/>\n<\/div>\n<div class=\"form-contact\">\n<div class=\"form-contact__fields-short\">\n<div class=\"form-contact__item-short\"><span class=\"wpcf7-form-control-wrap your-name\"><input type=\"text\" name=\"your-name\" value=\"\" size=\"40\" class=\"wpcf7-form-control wpcf7-text wpcf7-validates-as-required\" aria-required=\"true\" aria-invalid=\"false\" placeholder=\"Nom\" \/><\/span><\/div>\n<div class=\"form-contact__item-short\"><span class=\"wpcf7-form-control-wrap your-email\"><input type=\"email\" name=\"your-email\" value=\"\" size=\"40\" class=\"wpcf7-form-control wpcf7-text wpcf7-email wpcf7-validates-as-required wpcf7-validates-as-email\" aria-required=\"true\" aria-invalid=\"false\" placeholder=\"Email\" \/><\/span><\/div>\n<\/div>\n<div class=\"form-contact__fields-short\"><span class=\"wpcf7-form-control-wrap your-subject\"><input type=\"text\" name=\"your-subject\" value=\"\" size=\"40\" class=\"wpcf7-form-control wpcf7-text wpcf7-validates-as-required\" aria-required=\"true\" aria-invalid=\"false\" placeholder=\"Sujet\" \/><\/span><\/div>\n<p>    <span class=\"wpcf7-form-control-wrap your-message\"><textarea name=\"your-message\" cols=\"0\" rows=\"0\" class=\"wpcf7-form-control wpcf7-textarea\" aria-invalid=\"false\" placeholder=\"Message\"><\/textarea><\/span><\/p>\n<p>\n<span class=\"wpcf7-form-control-wrap privacy\"><span class=\"wpcf7-form-control wpcf7-checkbox wpcf7-validates-as-required\"><span class=\"wpcf7-list-item first last\"><input type=\"checkbox\" name=\"privacy[]\" value=\"\" \/><span class=\"wpcf7-list-item-label\"><\/span><\/span><\/span><\/span> J'accepte les termes, conditions et <a target=\"_blank\" href=\"\/fr\/politique-de-confidentialite\/\">politique de confidentialit\u00e9<\/a>\n<\/p>\n<p>    <button type=\"submit\" class=\"button button--style1 button--with-icon\"><i class=\"fa fa-paper-plane\"><\/i>Soumettre<\/button>\n<\/p><\/div>\n<div class=\"wpcf7-response-output\" role=\"alert\" aria-hidden=\"true\"><\/div><\/form><\/div>[\/vc_column][\/vc_row][vc_row full_width=\u00a0\u00bbstretch_row_content_no_spaces\u00a0\u00bb css=\u00a0\u00bb.vc_custom_1599148173237{margin-bottom: -40px !important;}\u00a0\u00bb][vc_column][vc_raw_html]JTNDZGl2JTIwY2xhc3MlM0QlMjJtYXBpZnJhbWUlMjIlM0UlMEElM0NpZnJhbWUlMjBzcmMlM0QlMjJodHRwcyUzQSUyRiUyRnd3dy5nb29nbGUuY29tJTJGbWFwcyUyRmVtYmVkJTNGcGIlM0QlMjExbTE0JTIxMW04JTIxMW0zJTIxMWQxMjYxOS4zNTY3MjUxNTgxMiUyMTJkLTI1LjYzNjIyMzUlMjEzZDM3Ljc0NjkxNjklMjEzbTIlMjExaTEwMjQlMjEyaTc2OCUyMTRmMTMuMSUyMTNtMyUyMTFtMiUyMTFzMHgwJTI1M0EweDg0N2U2YjI4YzU1YmY2MDclMjEyc1BlZHJvJTI1MjBGZXJyZWlyYSUyNTIwQXpvcmVzJTI1MjBUb3VycyUyNTIwVW5pcC5MZGElMjE1ZTAlMjEzbTIlMjExc3B0LVBUJTIxMnNwdCUyMTR2MTU5OTU3Njg5MzUwOCUyMTVtMiUyMTFzcHQtUFQlMjEyc3B0JTIyJTIwd2lkdGglM0QlMjI2MDAlMjIlMjBoZWlnaHQlM0QlMjI0NTAlMjIlMjBmcmFtZWJvcmRlciUzRCUyMjAlMjIlMjBzdHlsZSUzRCUyMmJvcmRlciUzQTAlM0IlMjIlMjBhbGxvd2Z1bGxzY3JlZW4lM0QlMjIlMjIlMjBhcmlhLWhpZGRlbiUzRCUyMmZhbHNlJTIyJTIwdGFiaW5kZXglM0QlMjIwJTIyJTNFJTNDJTJGaWZyYW1lJTNFJTBBJTBBJTNDJTJGZGl2JTNF[\/vc_raw_html][\/vc_column][\/vc_row]<\/p>\n","protected":false},"excerpt":{"rendered":"<p>[vc_row el_class=\u00a0\u00bbmargin-bottom\u00a0\u00bb][vc_column offset=\u00a0\u00bbvc_col-md-6&Prime;][vc_column_text]Si vous avez une histoire \u00e0 partager ou une question qui n&rsquo;a pas trouv\u00e9 de r\u00e9ponse sur notre site Web, veuillez nous contacter en utilisant les coordonn\u00e9es ci-dessous ou remplir le formulaire \u00e0 droite.[\/vc_column_text][vc_empty_space height=\u00a0\u00bb20px\u00a0\u00bb][\/vc_column][vc_column offset=\u00a0\u00bbvc_col-md-6&Prime;][vc_empty_space height=\u00a0\u00bb40px\u00a0\u00bb el_class=\u00a0\u00bbvisible-sm visible-xs\u00a0\u00bb][\/vc_column][\/vc_row][vc_row full_width=\u00a0\u00bbstretch_row_content_no_spaces\u00a0\u00bb css=\u00a0\u00bb.vc_custom_1599148173237{margin-bottom: -40px !important;}\u00a0\u00bb][vc_column][vc_raw_html]JTNDZGl2JTIwY2xhc3MlM0QlMjJtYXBpZnJhbWUlMjIlM0UlMEElM0NpZnJhbWUlMjBzcmMlM0QlMjJodHRwcyUzQSUyRiUyRnd3dy5nb29nbGUuY29tJTJGbWFwcyUyRmVtYmVkJTNGcGIlM0QlMjExbTE0JTIxMW04JTIxMW0zJTIxMWQxMjYxOS4zNTY3MjUxNTgxMiUyMTJkLTI1LjYzNjIyMzUlMjEzZDM3Ljc0NjkxNjklMjEzbTIlMjExaTEwMjQlMjEyaTc2OCUyMTRmMTMuMSUyMTNtMyUyMTFtMiUyMTFzMHgwJTI1M0EweDg0N2U2YjI4YzU1YmY2MDclMjEyc1BlZHJvJTI1MjBGZXJyZWlyYSUyNTIwQXpvcmVzJTI1MjBUb3VycyUyNTIwVW5pcC5MZGElMjE1ZTAlMjEzbTIlMjExc3B0LVBUJTIxMnNwdCUyMTR2MTU5OTU3Njg5MzUwOCUyMTVtMiUyMTFzcHQtUFQlMjEyc3B0JTIyJTIwd2lkdGglM0QlMjI2MDAlMjIlMjBoZWlnaHQlM0QlMjI0NTAlMjIlMjBmcmFtZWJvcmRlciUzRCUyMjAlMjIlMjBzdHlsZSUzRCUyMmJvcmRlciUzQTAlM0IlMjIlMjBhbGxvd2Z1bGxzY3JlZW4lM0QlMjIlMjIlMjBhcmlhLWhpZGRlbiUzRCUyMmZhbHNlJTIyJTIwdGFiaW5kZXglM0QlMjIwJTIyJTNFJTNDJTJGaWZyYW1lJTNFJTBBJTBBJTNDJTJGZGl2JTNF[\/vc_raw_html][\/vc_column][\/vc_row]<\/p>\n","protected":false},"author":1,"featured_media":0,"parent":0,"menu_order":0,"comment_status":"open","ping_status":"open","template":"","meta":[],"yoast_head":"<!-- This site is optimized with the Yoast SEO plugin v14.9 - https:\/\/yoast.com\/wordpress\/plugins\/seo\/ -->\n<title>Contacts - Azores Tours<\/title>\n<meta name=\"description\" content=\"Contacts\" \/>\n<meta name=\"robots\" content=\"index, follow, max-snippet:-1, max-image-preview:large, max-video-preview:-1\" \/>\n<link rel=\"canonical\" href=\"https:\/\/azores-tours.com\/fr\/contacts\/\" \/>\n<meta property=\"og:locale\" content=\"fr_FR\" \/>\n<meta property=\"og:type\" content=\"article\" \/>\n<meta property=\"og:title\" content=\"Contacts - Azores Tours\" \/>\n<meta property=\"og:description\" content=\"Contacts\" \/>\n<meta property=\"og:url\" content=\"https:\/\/azores-tours.com\/fr\/contacts\/\" \/>\n<meta property=\"og:site_name\" content=\"Azores Tours\" \/>\n<meta property=\"article:modified_time\" content=\"2021-06-29T11:11:13+00:00\" \/>\n<meta name=\"twitter:card\" content=\"summary_large_image\" \/>\n<script type=\"application\/ld+json\" class=\"yoast-schema-graph\">{\"@context\":\"https:\/\/schema.org\",\"@graph\":[{\"@type\":\"WebSite\",\"@id\":\"https:\/\/azores-tours.com\/fr\/#website\",\"url\":\"https:\/\/azores-tours.com\/fr\/\",\"name\":\"Azores Tours\",\"description\":\"Circuitos e Passeios Tur\\u00edsticos em S\\u00e3o Miguel A\\u00e7ores\",\"potentialAction\":[{\"@type\":\"SearchAction\",\"target\":\"https:\/\/azores-tours.com\/fr\/?s={search_term_string}\",\"query-input\":\"required name=search_term_string\"}],\"inLanguage\":\"fr-FR\"},{\"@type\":\"WebPage\",\"@id\":\"https:\/\/azores-tours.com\/fr\/contacts\/#webpage\",\"url\":\"https:\/\/azores-tours.com\/fr\/contacts\/\",\"name\":\"Contacts - Azores Tours\",\"isPartOf\":{\"@id\":\"https:\/\/azores-tours.com\/fr\/#website\"},\"datePublished\":\"2015-07-16T16:00:39+00:00\",\"dateModified\":\"2021-06-29T11:11:13+00:00\",\"description\":\"Contacts\",\"inLanguage\":\"fr-FR\",\"potentialAction\":[{\"@type\":\"ReadAction\",\"target\":[\"https:\/\/azores-tours.com\/fr\/contacts\/\"]}]}]}<\/script>\n<!-- \/ Yoast SEO plugin. -->","_links":{"self":[{"href":"https:\/\/azores-tours.com\/fr\/wp-json\/wp\/v2\/pages\/1564"}],"collection":[{"href":"https:\/\/azores-tours.com\/fr\/wp-json\/wp\/v2\/pages"}],"about":[{"href":"https:\/\/azores-tours.com\/fr\/wp-json\/wp\/v2\/types\/page"}],"author":[{"embeddable":true,"href":"https:\/\/azores-tours.com\/fr\/wp-json\/wp\/v2\/users\/1"}],"replies":[{"embeddable":true,"href":"https:\/\/azores-tours.com\/fr\/wp-json\/wp\/v2\/comments?post=1564"}],"version-history":[{"count":5,"href":"https:\/\/azores-tours.com\/fr\/wp-json\/wp\/v2\/pages\/1564\/revisions"}],"predecessor-version":[{"id":2226,"href":"https:\/\/azores-tours.com\/fr\/wp-json\/wp\/v2\/pages\/1564\/revisions\/2226"}],"wp:attachment":[{"href":"https:\/\/azores-tours.com\/fr\/wp-json\/wp\/v2\/media?parent=1564"}],"curies":[{"name":"wp","href":"https:\/\/api.w.org\/{rel}","templated":true}]}}