{"id":1494,"date":"2020-09-03T12:24:46","date_gmt":"2020-09-03T12:24:46","guid":{"rendered":"http:\/\/azores-tours.com\/viaturas\/"},"modified":"2023-03-01T21:41:18","modified_gmt":"2023-03-01T21:41:18","slug":"vehicules","status":"publish","type":"page","link":"https:\/\/azores-tours.com\/fr\/vehicules\/","title":{"rendered":"V\u00e9hicules"},"content":{"rendered":"<p>[vc_row][vc_column][vc_gallery type=\u00a0\u00bbimage_grid\u00a0\u00bb images=\u00a0\u00bb1388,1393,1398,1403,1408,1413,2685,2680,2665,2650,2645,2640,2590,2595,2600,2605,2610,2555,2550,2181,1458,1953,2191,2525,2565,2560,2540,2585,2635&Prime; img_size=\u00a0\u00bblarge\u00a0\u00bb el_class=\u00a0\u00bbgallerystyle\u00a0\u00bb][\/vc_column][\/vc_row]<\/p>\n","protected":false},"excerpt":{"rendered":"<p>[vc_row][vc_column][vc_gallery type=\u00a0\u00bbimage_grid\u00a0\u00bb images=\u00a0\u00bb1388,1393,1398,1403,1408,1413,2685,2680,2665,2650,2645,2640,2590,2595,2600,2605,2610,2555,2550,2181,1458,1953,2191,2525,2565,2560,2540,2585,2635&Prime; img_size=\u00a0\u00bblarge\u00a0\u00bb el_class=\u00a0\u00bbgallerystyle\u00a0\u00bb][\/vc_column][\/vc_row]<\/p>\n","protected":false},"author":1,"featured_media":0,"parent":0,"menu_order":0,"comment_status":"closed","ping_status":"closed","template":"","meta":[],"yoast_head":"<!-- This site is optimized with the Yoast SEO plugin v14.9 - https:\/\/yoast.com\/wordpress\/plugins\/seo\/ -->\n<title>V\u00e9hicules - Azores Tours - Flotte enti\u00e8rement \u00e9quip\u00e9e<\/title>\n<meta name=\"description\" content=\"V\u00e9hicules: nous avons \u00e0 votre disposition une flotte enti\u00e8rement \u00e9quip\u00e9e pour que vous puissiez profiter de votre visite confortablement.\" \/>\n<meta name=\"robots\" content=\"index, follow, max-snippet:-1, max-image-preview:large, max-video-preview:-1\" \/>\n<link rel=\"canonical\" href=\"https:\/\/azores-tours.com\/fr\/vehicules\/\" \/>\n<meta property=\"og:locale\" content=\"fr_FR\" \/>\n<meta property=\"og:type\" content=\"article\" \/>\n<meta property=\"og:title\" content=\"V\u00e9hicules - Azores Tours - Flotte enti\u00e8rement \u00e9quip\u00e9e\" \/>\n<meta property=\"og:description\" content=\"V\u00e9hicules: nous avons \u00e0 votre disposition une flotte enti\u00e8rement \u00e9quip\u00e9e pour que vous puissiez profiter de votre visite confortablement.\" \/>\n<meta property=\"og:url\" content=\"https:\/\/azores-tours.com\/fr\/vehicules\/\" \/>\n<meta property=\"og:site_name\" content=\"Azores Tours\" \/>\n<meta property=\"article:modified_time\" content=\"2023-03-01T21:41:18+00:00\" \/>\n<meta name=\"twitter:card\" content=\"summary_large_image\" \/>\n<script type=\"application\/ld+json\" class=\"yoast-schema-graph\">{\"@context\":\"https:\/\/schema.org\",\"@graph\":[{\"@type\":\"WebSite\",\"@id\":\"https:\/\/azores-tours.com\/fr\/#website\",\"url\":\"https:\/\/azores-tours.com\/fr\/\",\"name\":\"Azores Tours\",\"description\":\"Circuitos e Passeios Tur\\u00edsticos em S\\u00e3o Miguel A\\u00e7ores\",\"potentialAction\":[{\"@type\":\"SearchAction\",\"target\":\"https:\/\/azores-tours.com\/fr\/?s={search_term_string}\",\"query-input\":\"required name=search_term_string\"}],\"inLanguage\":\"fr-FR\"},{\"@type\":\"WebPage\",\"@id\":\"https:\/\/azores-tours.com\/fr\/vehicules\/#webpage\",\"url\":\"https:\/\/azores-tours.com\/fr\/vehicules\/\",\"name\":\"V\\u00e9hicules - Azores Tours - Flotte enti\\u00e8rement \\u00e9quip\\u00e9e\",\"isPartOf\":{\"@id\":\"https:\/\/azores-tours.com\/fr\/#website\"},\"datePublished\":\"2020-09-03T12:24:46+00:00\",\"dateModified\":\"2023-03-01T21:41:18+00:00\",\"description\":\"V\\u00e9hicules: nous avons \\u00e0 votre disposition une flotte enti\\u00e8rement \\u00e9quip\\u00e9e pour que vous puissiez profiter de votre visite confortablement.\",\"inLanguage\":\"fr-FR\",\"potentialAction\":[{\"@type\":\"ReadAction\",\"target\":[\"https:\/\/azores-tours.com\/fr\/vehicules\/\"]}]}]}<\/script>\n<!-- \/ Yoast SEO plugin. -->","_links":{"self":[{"href":"https:\/\/azores-tours.com\/fr\/wp-json\/wp\/v2\/pages\/1494"}],"collection":[{"href":"https:\/\/azores-tours.com\/fr\/wp-json\/wp\/v2\/pages"}],"about":[{"href":"https:\/\/azores-tours.com\/fr\/wp-json\/wp\/v2\/types\/page"}],"author":[{"embeddable":true,"href":"https:\/\/azores-tours.com\/fr\/wp-json\/wp\/v2\/users\/1"}],"replies":[{"embeddable":true,"href":"https:\/\/azores-tours.com\/fr\/wp-json\/wp\/v2\/comments?post=1494"}],"version-history":[{"count":4,"href":"https:\/\/azores-tours.com\/fr\/wp-json\/wp\/v2\/pages\/1494\/revisions"}],"predecessor-version":[{"id":2696,"href":"https:\/\/azores-tours.com\/fr\/wp-json\/wp\/v2\/pages\/1494\/revisions\/2696"}],"wp:attachment":[{"href":"https:\/\/azores-tours.com\/fr\/wp-json\/wp\/v2\/media?parent=1494"}],"curies":[{"name":"wp","href":"https:\/\/api.w.org\/{rel}","templated":true}]}}