{"id":1928,"date":"2020-09-04T10:47:55","date_gmt":"2020-09-04T10:47:55","guid":{"rendered":"http:\/\/azores-tours.com\/product\/nordeste\/"},"modified":"2025-06-30T14:38:34","modified_gmt":"2025-06-30T14:38:34","slug":"nordeste","status":"publish","type":"product","link":"https:\/\/azores-tours.com\/es\/tours\/nordeste\/","title":{"rendered":"Nordeste y Povoa\u00e7\u00e3o"},"content":{"rendered":"<p>[vc_row][vc_column][vc_column_text]Partida desde Ponta Delgada en direcci\u00f3n al Municipio de Nordeste. El circuito se hace por la costa norte de la isla, haciendo la primera parada en el Parque Natural Ribeira dos Caldeir\u00f5es. Aqu\u00ed pueden visitar un molino de agua, varias cascadas y tiendas de artesan\u00edas.<\/p>\n<p>El paseo contin\u00faa en direcci\u00f3n al Nordeste y paramos en la Villa, donde pod\u00e9is visitar una Iglesia y tomar un caf\u00e9. Luego hacemos una parada en el mirador de la Vista dos Barcos, donde se puede ver el extremo este de la Isla Ponta do Arnel, el faro y el peque\u00f1o puerto de pesca. Visitamos tambi\u00e9n el mirador de Ponta do Sossego, un jard\u00edn repleto de distintas flores con vista hacia el mar y las monta\u00f1as. Luego paramos en el mirador Ponta da Madrugada, otro lugar con vistas \u00fanicas de la isla, donde muchas personas aprovechan las madrugadas del verano para observar el amanecer.<\/p>\n<p>Proseguimos en direcci\u00f3n a la costa sur y a la Villa de Povoa\u00e7\u00e3o, el primer lugar en ser poblado de la isla, en el a\u00f1o 1432. Esta villa tambi\u00e9n es conocida por su dulce t\u00edpico llamado \u201cfofa da povoa\u00e7\u00e3o\u201d. Parada para el almuerzo con men\u00fa a elecci\u00f3n.<\/p>\n<p>Despu\u00e9s del almuerzo, visitamos el jard\u00edn y continuamos el paseo en direcci\u00f3n a Ponta Delgada, por la costa sur, pasando por Furnas, Villa de Franca do Campo, Ciudad Laguna y finalmente Ponta Delgada.<\/p>\n<p>As\u00ed termina nuestro paseo.<\/p>\n<p><strong>CONDICIONES:<\/strong><br \/>\nTodos los circuitos comienzan y terminan en vuestro hotel.<br \/>\nPaseos de d\u00eda entero &#8211; de 09:00 a 17:00 hs.<br \/>\nEn caso de tener alg\u00fan itinerario en mente por favor inf\u00f3rmenos y nos complacer\u00e1 ayudaros.<br \/>\nPara m\u00e1s informaci\u00f3n por favor contactarnos.[\/vc_column_text][\/vc_column][\/vc_row][vc_row][vc_column][vc_raw_html]JTNDJTIxLS0lMjBGYXJlaGFyYm9yJTIwSW50ZWdyYXRpb24lMjAtLSUzRSUwQSUzQ2RpdiUyMGNsYXNzJTNEJTIyZmhDYWxlbmRhciUyMiUzRSUwQSUzQyUyMS0tJTIwRmFyZUhhcmJvciUyMGNhbGVuZGFyJTIwb2YlMjBmbG93JTIwJTIzOTg1MDYyJTIwLS0lM0UlMEElM0NzY3JpcHQlMjBzcmMlM0QlMjJodHRwcyUzQSUyRiUyRmZhcmVoYXJib3IuY29tJTJGZW1iZWRzJTJGc2NyaXB0JTJGY2FsZW5kYXIlMkZhem9yZXMtdG91cnMlMkYlM0ZmYWxsYmFjayUzRHNpbXBsZSUyNmZ1bGwtaXRlbXMlM0R5ZXMlMjZmbG93JTNEOTg1MDYyJTIyJTNFJTNDJTJGc2NyaXB0JTNFJTNDJTJGZGl2JTNFJTBBJTNDc2NyaXB0JTNFJTIwJTIwJTBBJTIwJTIwalF1ZXJ5JTI4ZG9jdW1lbnQlMjkucmVhZHklMjhmdW5jdGlvbiUyOCUyNCUyOSU3QiUwQXZhciUyMGZoQ2FsZW5kYXIlMjAlM0QlMjAlMjQlMjglMjcuZmhDYWxlbmRhciUyNyUyOSUzQiUwQSUyNCUyOCUyNyUyM3RvdXJCb29raW5nRm9ybSUyNyUyOS5yZXBsYWNlV2l0aCUyOGZoQ2FsZW5kYXIlMjklM0IlMEElMjAlMjAlN0QlMjklM0IlMEElM0MlMkZzY3JpcHQlM0UlMEE=[\/vc_raw_html][\/vc_column][\/vc_row]<\/p>\n","protected":false},"excerpt":{"rendered":"<p>Partida desde Ponta Delgada en direcci\u00f3n al Municipio de Nordeste. El circuito se hace por la costa norte de la isla, haciendo la primera parada en el Parque Natural Ribeira dos Caldeir\u00f5es. Aqu\u00ed pueden visitar un molino de agua, varias cascadas y tiendas de artesan\u00edas.<\/p>\n","protected":false},"featured_media":2771,"comment_status":"open","ping_status":"closed","template":"","meta":[],"yoast_head":"<!-- This site is optimized with the Yoast SEO plugin v14.9 - https:\/\/yoast.com\/wordpress\/plugins\/seo\/ -->\n<title>Nordeste y Povoa\u00e7\u00e3o - Azores Tours<\/title>\n<meta name=\"description\" content=\"Nordeste: Partida desde Ponta Delgada en direcci\u00f3n al Municipio de Nordeste. El circuito se hace por la costa norte de la isla.\" \/>\n<meta name=\"robots\" content=\"index, follow, max-snippet:-1, max-image-preview:large, max-video-preview:-1\" \/>\n<link rel=\"canonical\" href=\"https:\/\/azores-tours.com\/es\/tours\/nordeste\/\" \/>\n<meta property=\"og:locale\" content=\"es_ES\" \/>\n<meta property=\"og:type\" content=\"article\" \/>\n<meta property=\"og:title\" content=\"Nordeste y Povoa\u00e7\u00e3o - Azores Tours\" \/>\n<meta property=\"og:description\" content=\"Nordeste: Partida desde Ponta Delgada en direcci\u00f3n al Municipio de Nordeste. El circuito se hace por la costa norte de la isla.\" \/>\n<meta property=\"og:url\" content=\"https:\/\/azores-tours.com\/es\/tours\/nordeste\/\" \/>\n<meta property=\"og:site_name\" content=\"Azores Tours\" \/>\n<meta property=\"article:modified_time\" content=\"2025-06-30T14:38:34+00:00\" \/>\n<meta property=\"og:image\" content=\"https:\/\/azores-tours.com\/wp-content\/uploads\/2020\/09\/Imagem-033-scaled.jpg\" \/>\n\t<meta property=\"og:image:width\" content=\"2560\" \/>\n\t<meta property=\"og:image:height\" content=\"1920\" \/>\n<meta name=\"twitter:card\" content=\"summary_large_image\" \/>\n<script type=\"application\/ld+json\" class=\"yoast-schema-graph\">{\"@context\":\"https:\/\/schema.org\",\"@graph\":[{\"@type\":\"WebSite\",\"@id\":\"https:\/\/azores-tours.com\/es\/#website\",\"url\":\"https:\/\/azores-tours.com\/es\/\",\"name\":\"Azores Tours\",\"description\":\"Circuitos e Passeios Tur\\u00edsticos em S\\u00e3o Miguel A\\u00e7ores\",\"potentialAction\":[{\"@type\":\"SearchAction\",\"target\":\"https:\/\/azores-tours.com\/es\/?s={search_term_string}\",\"query-input\":\"required name=search_term_string\"}],\"inLanguage\":\"es\"},{\"@type\":\"ImageObject\",\"@id\":\"https:\/\/azores-tours.com\/es\/tours\/nordeste\/#primaryimage\",\"inLanguage\":\"es\",\"url\":\"https:\/\/azores-tours.com\/wp-content\/uploads\/2020\/09\/IMG_20220422_095824-scaled.jpg\",\"width\":2560,\"height\":1922},{\"@type\":\"WebPage\",\"@id\":\"https:\/\/azores-tours.com\/es\/tours\/nordeste\/#webpage\",\"url\":\"https:\/\/azores-tours.com\/es\/tours\/nordeste\/\",\"name\":\"Nordeste y Povoa\\u00e7\\u00e3o - Azores Tours\",\"isPartOf\":{\"@id\":\"https:\/\/azores-tours.com\/es\/#website\"},\"primaryImageOfPage\":{\"@id\":\"https:\/\/azores-tours.com\/es\/tours\/nordeste\/#primaryimage\"},\"datePublished\":\"2020-09-04T10:47:55+00:00\",\"dateModified\":\"2025-06-30T14:38:34+00:00\",\"description\":\"Nordeste: Partida desde Ponta Delgada en direcci\\u00f3n al Municipio de Nordeste. El circuito se hace por la costa norte de la isla.\",\"inLanguage\":\"es\",\"potentialAction\":[{\"@type\":\"ReadAction\",\"target\":[\"https:\/\/azores-tours.com\/es\/tours\/nordeste\/\"]}]}]}<\/script>\n<!-- \/ Yoast SEO plugin. -->","_links":{"self":[{"href":"https:\/\/azores-tours.com\/es\/wp-json\/wp\/v2\/product\/1928"}],"collection":[{"href":"https:\/\/azores-tours.com\/es\/wp-json\/wp\/v2\/product"}],"about":[{"href":"https:\/\/azores-tours.com\/es\/wp-json\/wp\/v2\/types\/product"}],"replies":[{"embeddable":true,"href":"https:\/\/azores-tours.com\/es\/wp-json\/wp\/v2\/comments?post=1928"}],"wp:featuredmedia":[{"embeddable":true,"href":"https:\/\/azores-tours.com\/es\/wp-json\/wp\/v2\/media\/2771"}],"wp:attachment":[{"href":"https:\/\/azores-tours.com\/es\/wp-json\/wp\/v2\/media?parent=1928"}],"curies":[{"name":"wp","href":"https:\/\/api.w.org\/{rel}","templated":true}]}}