{"id":1924,"date":"2020-09-04T10:28:55","date_gmt":"2020-09-04T10:28:55","guid":{"rendered":"http:\/\/azores-tours.com\/product\/lagoa-do-fogo\/"},"modified":"2025-04-17T02:21:46","modified_gmt":"2025-04-17T02:21:46","slug":"lagoa-do-fogo","status":"publish","type":"product","link":"https:\/\/azores-tours.com\/es\/tours\/lagoa-do-fogo\/","title":{"rendered":"Laguna de Fogo"},"content":{"rendered":"<p>[vc_row][vc_column][vc_column_text]Partida de Ponta Delgada en direcci\u00f3n a la ciudad de Ribeira Grande. La primera parada se hace en el centro de la ciudad de Ribeira Grande donde se avista una ribera con una peque\u00f1a ca\u00edda de agua en una caminata por el jard\u00edn.<\/p>\n<p>Esta ribera da nombre a la ciudad. A continuaci\u00f3n visitamos la f\u00e1brica de licores \u201cMulher de Capote\u201d, donde pod\u00e9is saborear algunos licores confeccionados con frutas de la isla y tambi\u00e9n licores de leche.<\/p>\n<p>Luego comenzamos la subida a la monta\u00f1a Laguna del Fuego, haciendo una parada de 30 minutos para visitar la Caldera Vieja (entradas no incluidas), donde se puede apreciar una caldera con agua hirviendo y una cascada con piscina natural (es posible ba\u00f1arse). Iniciamos nuestra subida, disfrutando del paisaje natural protegido de la Laguna del Fuego, parando en varios miradores. Llegamos a la cima de la monta\u00f1a a 947 metros de altura. El regreso se hace por la costa sur de la isla, en direcci\u00f3n a la ciudad de Ponta Delgada.<\/p>\n<p>De esta forma terminamos nuestro recorrido.<\/p>\n<p><strong>CONDICIONES:<\/strong><br \/>\nTodos los circuitos comienzan y terminan en vuestro hotel.<br \/>\nPaseos de medio d\u00eda: de 09:00 h a 12:30 h o de 14:00 h a 17:00 h.<br \/>\nEn caso de tener alg\u00fan itinerario en mente por favor inf\u00f3rmenos y nos complacer\u00e1 ayudaros.<br \/>\nPara m\u00e1s informaci\u00f3n por favor contactarnos.[\/vc_column_text][vc_raw_html]JTNDJTIxLS0lMjBGYXJlaGFyYm9yJTIwSW50ZWdyYXRpb24lMjAtLSUzRSUwQSUzQ2RpdiUyMGNsYXNzJTNEJTIyZmhDYWxlbmRhciUyMiUzRSUzQyUyMS0tJTIwRmFyZUhhcmJvciUyMGNhbGVuZGFyJTIwb2YlMjBmbG93JTIwJTIzOTg1MDMzJTIwLS0lM0UlMEElM0NzY3JpcHQlMjBzcmMlM0QlMjJodHRwcyUzQSUyRiUyRmZhcmVoYXJib3IuY29tJTJGZW1iZWRzJTJGc2NyaXB0JTJGY2FsZW5kYXIlMkZhem9yZXMtdG91cnMlMkYlM0ZmYWxsYmFjayUzRHNpbXBsZSUyNmZ1bGwtaXRlbXMlM0R5ZXMlMjZmbG93JTNEOTg1MDMzJTIyJTNFJTNDJTJGc2NyaXB0JTNFJTNDJTJGZGl2JTNFJTBBJTNDc2NyaXB0JTNFJTIwJTIwJTBBJTIwJTIwalF1ZXJ5JTI4ZG9jdW1lbnQlMjkucmVhZHklMjhmdW5jdGlvbiUyOCUyNCUyOSU3QiUwQXZhciUyMGZoQ2FsZW5kYXIlMjAlM0QlMjAlMjQlMjglMjcuZmhDYWxlbmRhciUyNyUyOSUzQiUwQSUyNCUyOCUyNyUyM3RvdXJCb29raW5nRm9ybSUyNyUyOS5yZXBsYWNlV2l0aCUyOGZoQ2FsZW5kYXIlMjklM0IlMEElMjAlMjAlN0QlMjklM0IlMEElM0MlMkZzY3JpcHQlM0U=[\/vc_raw_html][\/vc_column][\/vc_row]<\/p>\n","protected":false},"excerpt":{"rendered":"<p>Partida de Ponta Delgada en direcci\u00f3n a la ciudad de Ribeira Grande. La primera parada se hace en el centro de la ciudad de Ribeira Grande donde se avista una ribera con una peque\u00f1a ca\u00edda de agua en una caminata por el jard\u00edn.<\/p>\n<p>&nbsp;<\/p>\n","protected":false},"featured_media":3040,"comment_status":"open","ping_status":"closed","template":"","meta":[],"yoast_head":"<!-- This site is optimized with the Yoast SEO plugin v14.9 - https:\/\/yoast.com\/wordpress\/plugins\/seo\/ -->\n<title>Laguna de Fogo - Azores Tours<\/title>\n<meta name=\"description\" content=\"Lagoa do Fogo: Partida de Ponta Delgada en direcci\u00f3n a la Ribeira Grande. La primera parada se hace en el centro de Ribeira Grande\" \/>\n<meta name=\"robots\" content=\"index, follow, max-snippet:-1, max-image-preview:large, max-video-preview:-1\" \/>\n<link rel=\"canonical\" href=\"https:\/\/azores-tours.com\/es\/tours\/lagoa-do-fogo\/\" \/>\n<meta property=\"og:locale\" content=\"es_ES\" \/>\n<meta property=\"og:type\" content=\"article\" \/>\n<meta property=\"og:title\" content=\"Laguna de Fogo - Azores Tours\" \/>\n<meta property=\"og:description\" content=\"Lagoa do Fogo: Partida de Ponta Delgada en direcci\u00f3n a la Ribeira Grande. La primera parada se hace en el centro de Ribeira Grande\" \/>\n<meta property=\"og:url\" content=\"https:\/\/azores-tours.com\/es\/tours\/lagoa-do-fogo\/\" \/>\n<meta property=\"og:site_name\" content=\"Azores Tours\" \/>\n<meta property=\"article:modified_time\" content=\"2025-04-17T02:21:46+00:00\" \/>\n<meta property=\"og:image\" content=\"https:\/\/azores-tours.com\/wp-content\/uploads\/2020\/09\/1-scaled.jpg\" \/>\n\t<meta property=\"og:image:width\" content=\"2560\" \/>\n\t<meta property=\"og:image:height\" content=\"1922\" \/>\n<meta name=\"twitter:card\" content=\"summary_large_image\" \/>\n<script type=\"application\/ld+json\" class=\"yoast-schema-graph\">{\"@context\":\"https:\/\/schema.org\",\"@graph\":[{\"@type\":\"WebSite\",\"@id\":\"https:\/\/azores-tours.com\/es\/#website\",\"url\":\"https:\/\/azores-tours.com\/es\/\",\"name\":\"Azores Tours\",\"description\":\"Circuitos e Passeios Tur\\u00edsticos em S\\u00e3o Miguel A\\u00e7ores\",\"potentialAction\":[{\"@type\":\"SearchAction\",\"target\":\"https:\/\/azores-tours.com\/es\/?s={search_term_string}\",\"query-input\":\"required name=search_term_string\"}],\"inLanguage\":\"es\"},{\"@type\":\"ImageObject\",\"@id\":\"https:\/\/azores-tours.com\/es\/tours\/lagoa-do-fogo\/#primaryimage\",\"inLanguage\":\"es\",\"url\":\"https:\/\/azores-tours.com\/wp-content\/uploads\/2020\/09\/1-scaled.jpg\",\"width\":2560,\"height\":1922},{\"@type\":\"WebPage\",\"@id\":\"https:\/\/azores-tours.com\/es\/tours\/lagoa-do-fogo\/#webpage\",\"url\":\"https:\/\/azores-tours.com\/es\/tours\/lagoa-do-fogo\/\",\"name\":\"Laguna de Fogo - Azores Tours\",\"isPartOf\":{\"@id\":\"https:\/\/azores-tours.com\/es\/#website\"},\"primaryImageOfPage\":{\"@id\":\"https:\/\/azores-tours.com\/es\/tours\/lagoa-do-fogo\/#primaryimage\"},\"datePublished\":\"2020-09-04T10:28:55+00:00\",\"dateModified\":\"2025-04-17T02:21:46+00:00\",\"description\":\"Lagoa do Fogo: Partida de Ponta Delgada en direcci\\u00f3n a la Ribeira Grande. La primera parada se hace en el centro de Ribeira Grande\",\"inLanguage\":\"es\",\"potentialAction\":[{\"@type\":\"ReadAction\",\"target\":[\"https:\/\/azores-tours.com\/es\/tours\/lagoa-do-fogo\/\"]}]}]}<\/script>\n<!-- \/ Yoast SEO plugin. -->","_links":{"self":[{"href":"https:\/\/azores-tours.com\/es\/wp-json\/wp\/v2\/product\/1924"}],"collection":[{"href":"https:\/\/azores-tours.com\/es\/wp-json\/wp\/v2\/product"}],"about":[{"href":"https:\/\/azores-tours.com\/es\/wp-json\/wp\/v2\/types\/product"}],"replies":[{"embeddable":true,"href":"https:\/\/azores-tours.com\/es\/wp-json\/wp\/v2\/comments?post=1924"}],"wp:featuredmedia":[{"embeddable":true,"href":"https:\/\/azores-tours.com\/es\/wp-json\/wp\/v2\/media\/3040"}],"wp:attachment":[{"href":"https:\/\/azores-tours.com\/es\/wp-json\/wp\/v2\/media?parent=1924"}],"curies":[{"name":"wp","href":"https:\/\/api.w.org\/{rel}","templated":true}]}}