{"id":1920,"date":"2020-09-04T10:12:48","date_gmt":"2020-09-04T10:12:48","guid":{"rendered":"http:\/\/azores-tours.com\/product\/sete-cidades\/"},"modified":"2025-04-19T15:13:41","modified_gmt":"2025-04-19T15:13:41","slug":"sete-cidades","status":"publish","type":"product","link":"https:\/\/azores-tours.com\/es\/tours\/sete-cidades\/","title":{"rendered":"Laguna de las Sete Cidades"},"content":{"rendered":"<p>[vc_row][vc_column][vc_column_text]Partimos desde la ciudad de Ponta Delgada. La primera parada es en el Mirador del Carb\u00f3n, donde se puede observar la costa norte y sur de la isla. Seguimos hacia la Laguna del Canario, situada en medio de una vegetaci\u00f3n repleta de \u00e1rboles criptomeria, mirador Grota do Inferno (dependiendo de las condiciones clim\u00e1ticas). Continuamos hacia el mirador de la Vista del Rey para apreciar una de las 7 maravillas de Portugal: la Laguna de las Siete Ciudades.<\/p>\n<p>La pr\u00f3xima parada es en el mirador Cerrado das Freiras, donde se consigue obtener otra vista sobre la freguesia y la Laguna de las Siete Ciudades, seguido de una visita a la Laguna de Santiago, otra de nuestros cr\u00e1teres volc\u00e1nicos.<\/p>\n<p>Hacemos una peque\u00f1a pausa en la freguesia de Sete Cidades, donde pod\u00e9is visitar la Iglesia de San Nicol\u00e1s o simplemente apreciar la belleza de la naturaleza. De inmediato seguimos hacia el mirador del Escalvado, donde se puede observar la freguesia de los Mosteiros y la herrer\u00eda.<\/p>\n<p>El paseo prosigue por la costa oeste de la isla pasando por varias freguesias en direcci\u00f3n a Ponta Delgada para visitar una plantaci\u00f3n de pi\u00f1as en invernaderos de vidrio, \u00fanica en el mundo.<\/p>\n<p>De esta manera terminamos nuestro paseo.<\/p>\n<p><strong>CONDICIONES:<\/strong><br \/>\nTodos los circuitos comienzan y terminan en vuestro hotel.<br \/>\nPaseos de medio d\u00eda: de 09:00 h a 12:30 h o de 14:00 h a 17:00 h.<br \/>\nEn caso de tener alg\u00fan itinerario en mente por favor inf\u00f3rmenos y nos complacer\u00e1 ayudaros.<br \/>\nPara m\u00e1s informaci\u00f3n por favor contactarnos.[\/vc_column_text][\/vc_column][\/vc_row][vc_row][vc_column][vc_raw_html]JTNDJTIxLS0lMjBGYXJlaGFyYm9yJTIwSW50ZWdyYXRpb24lMjAtLSUzRSUwQSUzQ2RpdiUyMGNsYXNzJTNEJTIyZmhDYWxlbmRhciUyMiUzRSUwQSUzQyUyMS0tJTIwRmFyZUhhcmJvciUyMGNhbGVuZGFyJTIwb2YlMjBmbG93JTIwJTIzOTg1MDQwJTIwLS0lM0UlMEElM0NzY3JpcHQlMjBzcmMlM0QlMjJodHRwcyUzQSUyRiUyRmZhcmVoYXJib3IuY29tJTJGZW1iZWRzJTJGc2NyaXB0JTJGY2FsZW5kYXIlMkZhem9yZXMtdG91cnMlMkYlM0ZmYWxsYmFjayUzRHNpbXBsZSUyNmZ1bGwtaXRlbXMlM0R5ZXMlMjZmbG93JTNEOTg1MDQwJTIyJTNFJTNDJTJGc2NyaXB0JTNFJTBBJTNDJTJGZGl2JTNFJTBBJTNDc2NyaXB0JTNFJTIwJTIwJTBBJTIwJTIwalF1ZXJ5JTI4ZG9jdW1lbnQlMjkucmVhZHklMjhmdW5jdGlvbiUyOCUyNCUyOSU3QiUwQXZhciUyMGZoQ2FsZW5kYXIlMjAlM0QlMjAlMjQlMjglMjcuZmhDYWxlbmRhciUyNyUyOSUzQiUwQSUyNCUyOCUyNyUyM3RvdXJCb29raW5nRm9ybSUyNyUyOS5yZXBsYWNlV2l0aCUyOGZoQ2FsZW5kYXIlMjklM0IlMEElMjAlMjAlN0QlMjklM0IlMEElM0MlMkZzY3JpcHQlM0U=[\/vc_raw_html][\/vc_column][\/vc_row]<\/p>\n","protected":false},"excerpt":{"rendered":"<p>Partimos desde la ciudad de Ponta Delgada. La primera parada es en el Mirador del Carb\u00f3n, donde se puede observar la costa norte y sur de la isla. Seguimos hacia la Laguna del Canario, situada en medio de una vegetaci\u00f3n repleta de \u00e1rboles criptomeria. Continuamos hacia el mirador de la Vista del Rey para apreciar una de las 7 maravillas de Portugal: la Laguna de las Siete Ciudades.<\/p>\n","protected":false},"featured_media":3035,"comment_status":"open","ping_status":"closed","template":"","meta":[],"yoast_head":"<!-- This site is optimized with the Yoast SEO plugin v14.9 - https:\/\/yoast.com\/wordpress\/plugins\/seo\/ -->\n<title>Laguna de las Sete Cidades - Azores Tours<\/title>\n<meta name=\"description\" content=\"Sete Cidades:La primera parada es en el Mirador del Carb\u00f3n, donde se puede observar la costa norte y sur de la isla.\" \/>\n<meta name=\"robots\" content=\"index, follow, max-snippet:-1, max-image-preview:large, max-video-preview:-1\" \/>\n<link rel=\"canonical\" href=\"https:\/\/azores-tours.com\/es\/tours\/sete-cidades\/\" \/>\n<meta property=\"og:locale\" content=\"es_ES\" \/>\n<meta property=\"og:type\" content=\"article\" \/>\n<meta property=\"og:title\" content=\"Laguna de las Sete Cidades - Azores Tours\" \/>\n<meta property=\"og:description\" content=\"Sete Cidades:La primera parada es en el Mirador del Carb\u00f3n, donde se puede observar la costa norte y sur de la isla.\" \/>\n<meta property=\"og:url\" content=\"https:\/\/azores-tours.com\/es\/tours\/sete-cidades\/\" \/>\n<meta property=\"og:site_name\" content=\"Azores Tours\" \/>\n<meta property=\"article:modified_time\" content=\"2025-04-19T15:13:41+00:00\" \/>\n<meta property=\"og:image\" content=\"https:\/\/azores-tours.com\/wp-content\/uploads\/2020\/09\/IMG_20220915_171107-scaled.jpg\" \/>\n\t<meta property=\"og:image:width\" content=\"2560\" \/>\n\t<meta property=\"og:image:height\" content=\"1922\" \/>\n<meta name=\"twitter:card\" content=\"summary_large_image\" \/>\n<script type=\"application\/ld+json\" class=\"yoast-schema-graph\">{\"@context\":\"https:\/\/schema.org\",\"@graph\":[{\"@type\":\"WebSite\",\"@id\":\"https:\/\/azores-tours.com\/es\/#website\",\"url\":\"https:\/\/azores-tours.com\/es\/\",\"name\":\"Azores Tours\",\"description\":\"Circuitos e Passeios Tur\\u00edsticos em S\\u00e3o Miguel A\\u00e7ores\",\"potentialAction\":[{\"@type\":\"SearchAction\",\"target\":\"https:\/\/azores-tours.com\/es\/?s={search_term_string}\",\"query-input\":\"required name=search_term_string\"}],\"inLanguage\":\"es\"},{\"@type\":\"ImageObject\",\"@id\":\"https:\/\/azores-tours.com\/es\/tours\/sete-cidades\/#primaryimage\",\"inLanguage\":\"es\",\"url\":\"https:\/\/azores-tours.com\/wp-content\/uploads\/2020\/09\/IMG_20220915_171107-scaled.jpg\",\"width\":2560,\"height\":1922},{\"@type\":\"WebPage\",\"@id\":\"https:\/\/azores-tours.com\/es\/tours\/sete-cidades\/#webpage\",\"url\":\"https:\/\/azores-tours.com\/es\/tours\/sete-cidades\/\",\"name\":\"Laguna de las Sete Cidades - Azores Tours\",\"isPartOf\":{\"@id\":\"https:\/\/azores-tours.com\/es\/#website\"},\"primaryImageOfPage\":{\"@id\":\"https:\/\/azores-tours.com\/es\/tours\/sete-cidades\/#primaryimage\"},\"datePublished\":\"2020-09-04T10:12:48+00:00\",\"dateModified\":\"2025-04-19T15:13:41+00:00\",\"description\":\"Sete Cidades:La primera parada es en el Mirador del Carb\\u00f3n, donde se puede observar la costa norte y sur de la isla.\",\"inLanguage\":\"es\",\"potentialAction\":[{\"@type\":\"ReadAction\",\"target\":[\"https:\/\/azores-tours.com\/es\/tours\/sete-cidades\/\"]}]}]}<\/script>\n<!-- \/ Yoast SEO plugin. -->","_links":{"self":[{"href":"https:\/\/azores-tours.com\/es\/wp-json\/wp\/v2\/product\/1920"}],"collection":[{"href":"https:\/\/azores-tours.com\/es\/wp-json\/wp\/v2\/product"}],"about":[{"href":"https:\/\/azores-tours.com\/es\/wp-json\/wp\/v2\/types\/product"}],"replies":[{"embeddable":true,"href":"https:\/\/azores-tours.com\/es\/wp-json\/wp\/v2\/comments?post=1920"}],"wp:featuredmedia":[{"embeddable":true,"href":"https:\/\/azores-tours.com\/es\/wp-json\/wp\/v2\/media\/3035"}],"wp:attachment":[{"href":"https:\/\/azores-tours.com\/es\/wp-json\/wp\/v2\/media?parent=1920"}],"curies":[{"name":"wp","href":"https:\/\/api.w.org\/{rel}","templated":true}]}}