{"id":1916,"date":"2020-09-04T09:40:17","date_gmt":"2020-09-04T09:40:17","guid":{"rendered":"http:\/\/azores-tours.com\/product\/furnas\/"},"modified":"2025-04-19T17:21:47","modified_gmt":"2025-04-19T17:21:47","slug":"furnas","status":"publish","type":"product","link":"https:\/\/azores-tours.com\/es\/tours\/furnas\/","title":{"rendered":"Furnas"},"content":{"rendered":"<p>[vc_row][vc_column][vc_column_text]Partimos desde la ciudad de Ponta Delgada. Nos dirigimos a Furnas por la costa sur de la isla, nuestra primera parada es en la f\u00e1brica de Cer\u00e1mica Viera, la cual funciona desde 1862 y est\u00e1 situada en la ciudad de Lagoa. Rumbo a Vila Franca paramos en el mirador de Nuestra Se\u00f1ora de la Paz, donde existe una Ermita en el monte con una vista magn\u00edfica de la Villa, el mar y el islote con el mismo nombre de la Villa, formado por una erupci\u00f3n volc\u00e1nica. Seguimos el paseo hacia Furnas donde la Laguna de las Furnas nos recibe a la entrada de la freguesia. All\u00ed junto a una de las m\u00e1rgenes de la laguna se realiza la retirada del cocido de las calderas (entradas no incluidas).<\/p>\n<p>A continuaci\u00f3n viene el almuerzo, el famoso cocido de las Furnas. En el caso de no querer comer el cocido se dar\u00e1 una alternativa. Visitamos tambi\u00e9n el Parque Bot\u00e1nico Terra Nostra (entradas no incluidas), donde pod\u00e9is disfrutar por 1 hora de los ba\u00f1os de aguas termales calientes o pasear por el parque.<\/p>\n<p>Seguimos hacia el centro de Furnas para apreciar otras calderas con agua hirviendo y probar las t\u00edpicas aguas que corren por diferentes canales, algunas naturalmente gasificadas. Continuamos el paseo con el regreso a Ponta Delgada por la costa norte, parando en el mirador Pico do Ferro, donde se puede ver la Laguna y la fregues\u00eda de las Furnas situados en el interior de un cr\u00e1ter.<\/p>\n<p>Hacemos una visita a la plantaci\u00f3n y f\u00e1brica \u201cCh\u00e1 Gorreana\u201d, \u00fanica en toda Europa, en actividad desde 1883, donde pod\u00e9is saborear los famosos t\u00e9 verde y t\u00e9 negro de la isla. La \u00faltima parada se hace en el mirador de Santa Iria, donde se tiene una vista \u00fanica de la costa norte y el mar, ideal para fotografiar.<\/p>\n<p>De esta manera terminamos nuestro paseo.<\/p>\n<p><strong>CONDICIONES:<\/strong><br \/>\nTodos los circuitos comienzan y terminan en vuestro hotel.<br \/>\nPaseos de d\u00eda entero &#8211; de 9:00 h a 17:00 h.<br \/>\nEn caso de tener alg\u00fan itinerario en mente por favor inf\u00f3rmenos y nos complacer\u00e1 ayudaros.<br \/>\nPara m\u00e1s informaci\u00f3n por favor contactarnos.[\/vc_column_text][\/vc_column][\/vc_row][vc_row][vc_column][vc_raw_html]JTNDJTIxLS0lMjBGYXJlaGFyYm9yJTIwSW50ZWdyYXRpb24lMjAtLSUzRSUwQSUzQ2RpdiUyMGNsYXNzJTNEJTIyZmhDYWxlbmRhciUyMiUzRSUzQyUyMS0tJTIwRmFyZUhhcmJvciUyMGNhbGVuZGFyJTIwb2YlMjBmbG93JTIwJTIzOTg1MDM3JTIwLS0lM0UlMEElM0NzY3JpcHQlMjBzcmMlM0QlMjJodHRwcyUzQSUyRiUyRmZhcmVoYXJib3IuY29tJTJGZW1iZWRzJTJGc2NyaXB0JTJGY2FsZW5kYXIlMkZhem9yZXMtdG91cnMlMkYlM0ZmYWxsYmFjayUzRHNpbXBsZSUyNmZ1bGwtaXRlbXMlM0R5ZXMlMjZmbG93JTNEOTg1MDM3JTIyJTNFJTNDJTJGc2NyaXB0JTNFJTNDJTJGZGl2JTNFJTBBJTNDc2NyaXB0JTNFJTIwJTIwJTBBJTIwJTIwalF1ZXJ5JTI4ZG9jdW1lbnQlMjkucmVhZHklMjhmdW5jdGlvbiUyOCUyNCUyOSU3QiUwQXZhciUyMGZoQ2FsZW5kYXIlMjAlM0QlMjAlMjQlMjglMjcuZmhDYWxlbmRhciUyNyUyOSUzQiUwQSUyNCUyOCUyNyUyM3RvdXJCb29raW5nRm9ybSUyNyUyOS5yZXBsYWNlV2l0aCUyOGZoQ2FsZW5kYXIlMjklM0IlMEElMjAlMjAlN0QlMjklM0IlMEElM0MlMkZzY3JpcHQlM0U=[\/vc_raw_html][\/vc_column][\/vc_row]<\/p>\n","protected":false},"excerpt":{"rendered":"<p>Partimos desde la ciudad de Ponta Delgada. Nos dirigimos a Furnas por la costa sur de la isla, nuestra primera parada es en la f\u00e1brica de Cer\u00e1mica Viera, la cual funciona desde 1862 y est\u00e1 situada en la ciudad de Lagoa. Rumbo a Vila Franca paramos en el mirador de Nuestra Se\u00f1ora de la Paz, donde existe una Ermita en el monte con una vista magn\u00edfica de la Villa, el mar y el islote con el mismo nombre de la Villa, formado por una erupci\u00f3n volc\u00e1nica.<\/p>\n","protected":false},"featured_media":1683,"comment_status":"open","ping_status":"closed","template":"","meta":[],"yoast_head":"<!-- This site is optimized with the Yoast SEO plugin v14.9 - https:\/\/yoast.com\/wordpress\/plugins\/seo\/ -->\n<title>Furnas - Azores Tours<\/title>\n<meta name=\"description\" content=\"Furnas: Partimos desde de Ponta Delgada. Nos dirigimos a Furnas por la costa sur de la isla, nuestra primera parada es en la f\u00e1brica.\" \/>\n<meta name=\"robots\" content=\"index, follow, max-snippet:-1, max-image-preview:large, max-video-preview:-1\" \/>\n<link rel=\"canonical\" href=\"https:\/\/azores-tours.com\/es\/tours\/furnas\/\" \/>\n<meta property=\"og:locale\" content=\"es_ES\" \/>\n<meta property=\"og:type\" content=\"article\" \/>\n<meta property=\"og:title\" content=\"Furnas - Azores Tours\" \/>\n<meta property=\"og:description\" content=\"Furnas: Partimos desde de Ponta Delgada. Nos dirigimos a Furnas por la costa sur de la isla, nuestra primera parada es en la f\u00e1brica.\" \/>\n<meta property=\"og:url\" content=\"https:\/\/azores-tours.com\/es\/tours\/furnas\/\" \/>\n<meta property=\"og:site_name\" content=\"Azores Tours\" \/>\n<meta property=\"article:modified_time\" content=\"2025-04-19T17:21:47+00:00\" \/>\n<meta property=\"og:image\" content=\"https:\/\/azores-tours.com\/wp-content\/uploads\/2020\/09\/imagem-central.jpg\" \/>\n\t<meta property=\"og:image:width\" content=\"1060\" \/>\n\t<meta property=\"og:image:height\" content=\"594\" \/>\n<meta name=\"twitter:card\" content=\"summary_large_image\" \/>\n<script type=\"application\/ld+json\" class=\"yoast-schema-graph\">{\"@context\":\"https:\/\/schema.org\",\"@graph\":[{\"@type\":\"WebSite\",\"@id\":\"https:\/\/azores-tours.com\/es\/#website\",\"url\":\"https:\/\/azores-tours.com\/es\/\",\"name\":\"Azores Tours\",\"description\":\"Circuitos e Passeios Tur\\u00edsticos em S\\u00e3o Miguel A\\u00e7ores\",\"potentialAction\":[{\"@type\":\"SearchAction\",\"target\":\"https:\/\/azores-tours.com\/es\/?s={search_term_string}\",\"query-input\":\"required name=search_term_string\"}],\"inLanguage\":\"es\"},{\"@type\":\"ImageObject\",\"@id\":\"https:\/\/azores-tours.com\/es\/tours\/furnas\/#primaryimage\",\"inLanguage\":\"es\",\"url\":\"https:\/\/azores-tours.com\/wp-content\/uploads\/2020\/09\/imagem-central.jpg\",\"width\":1060,\"height\":594},{\"@type\":\"WebPage\",\"@id\":\"https:\/\/azores-tours.com\/es\/tours\/furnas\/#webpage\",\"url\":\"https:\/\/azores-tours.com\/es\/tours\/furnas\/\",\"name\":\"Furnas - Azores Tours\",\"isPartOf\":{\"@id\":\"https:\/\/azores-tours.com\/es\/#website\"},\"primaryImageOfPage\":{\"@id\":\"https:\/\/azores-tours.com\/es\/tours\/furnas\/#primaryimage\"},\"datePublished\":\"2020-09-04T09:40:17+00:00\",\"dateModified\":\"2025-04-19T17:21:47+00:00\",\"description\":\"Furnas: Partimos desde de Ponta Delgada. Nos dirigimos a Furnas por la costa sur de la isla, nuestra primera parada es en la f\\u00e1brica.\",\"inLanguage\":\"es\",\"potentialAction\":[{\"@type\":\"ReadAction\",\"target\":[\"https:\/\/azores-tours.com\/es\/tours\/furnas\/\"]}]}]}<\/script>\n<!-- \/ Yoast SEO plugin. -->","_links":{"self":[{"href":"https:\/\/azores-tours.com\/es\/wp-json\/wp\/v2\/product\/1916"}],"collection":[{"href":"https:\/\/azores-tours.com\/es\/wp-json\/wp\/v2\/product"}],"about":[{"href":"https:\/\/azores-tours.com\/es\/wp-json\/wp\/v2\/types\/product"}],"replies":[{"embeddable":true,"href":"https:\/\/azores-tours.com\/es\/wp-json\/wp\/v2\/comments?post=1916"}],"wp:featuredmedia":[{"embeddable":true,"href":"https:\/\/azores-tours.com\/es\/wp-json\/wp\/v2\/media\/1683"}],"wp:attachment":[{"href":"https:\/\/azores-tours.com\/es\/wp-json\/wp\/v2\/media?parent=1916"}],"curies":[{"name":"wp","href":"https:\/\/api.w.org\/{rel}","templated":true}]}}