{"id":1912,"date":"2015-07-15T12:01:46","date_gmt":"2015-07-15T12:01:46","guid":{"rendered":"http:\/\/azores-tours.com\/product\/sete-cidades-lagoa-do-fogo\/"},"modified":"2026-05-11T23:08:12","modified_gmt":"2026-05-11T23:08:12","slug":"sete-cidades-lagoa-do-fogo","status":"publish","type":"product","link":"https:\/\/azores-tours.com\/es\/tours\/sete-cidades-lagoa-do-fogo\/","title":{"rendered":"Laguna des Sete Cidades y Laguna de Fogo"},"content":{"rendered":"<p>[vc_row][vc_column][vc_column_text]Partida desde la ciudad de Ponta Delgada. La primera parada es en el mirador del Carb\u00f3n, donde se puede observar la costa norte y sur de la isla. Seguimos hacia la Laguna del Canario, situada en el medio de una densa vegetaci\u00f3n de \u00e1rboles de criptomeria, mirador Grota do Inferno (dependiendo de las condiciones clim\u00e1ticas) y continuamos hacia el mirador de Vista del Rey para apreciar una de las 7 maravillas de Portugal: la Laguna de las Siete Ciudades. La pr\u00f3xima parada es en el mirador Cerrado das Freiras, donde se puede tener otra vista sobre la freguesia y la Laguna de las Siete Ciudades. Luego visitamos la Laguna de Santiago, otro de nuestros cr\u00e1teres volc\u00e1nicos.<\/p>\n<p>Hacemos una peque\u00f1a pausa en la freguesia de Sete Cidades, donde pod\u00e9is visitar la Iglesia de San Nicol\u00e1s o simplemente apreciar la belleza de la naturaleza. En nuestro recorrido por el oeste de la isla pasamos por varias freguesias y tenemos una gran vista del mar y de las monta\u00f1as. Paramos para el almuerzo. El men\u00fa es a elecci\u00f3n entre pez, carne o vegetariano.<\/p>\n<p>A continuaci\u00f3n visitaremos el centro de la ciudad de Ribeira Grande, donde se puede observar una ribera con una peque\u00f1a ca\u00edda de agua mientras recorremos el jard\u00edn. Esta ribera da nombre a la ciudad. Seguimos para visitar una f\u00e1brica de licores llamada \u201cMulher de Capote\u201d, donde pod\u00e9is saborear algunos licores confeccionados con frutas de la isla y tambi\u00e9n licores de leche.<\/p>\n<p>Luego comenzamos la subida a la monta\u00f1a de la Laguna del Fuego, haciendo una parada de 30 minutos para conocer la Caldera Vieja (entradas no incluidas), donde se puede apreciar caldera con agua hirviendo y una cascada con piscina natural (es posible ba\u00f1arse). Luego iniciamos nuestra subida, disfrutando del paisaje natural protegido de la Laguna del Fuego, parando en varios miradores. Llegamos a la cima de la monta\u00f1a a 947 metros de altura.<br \/>\nEl regreso se hace por la costa sur de la isla en direcci\u00f3n a Ponta Delgada para visitar una plantaci\u00f3n de pi\u00f1as en invernaderos de vidrio, \u00fanica en el mundo.<\/p>\n<p>Terminamos as\u00ed nuestro paseo.<\/p>\n<p><strong>CONDICIONES:<\/strong><br \/>\nTodos los circuitos comienzan y terminan en vuestro hotel.<br \/>\nPaseos de d\u00eda entero &#8211; de 09:00 h a 17:00 h.<br \/>\nEn caso de tener alg\u00fan itinerario en mente por favor inf\u00f3rmenos y nos complacer\u00e1 ayudaros.<br \/>\nPara m\u00e1s informaci\u00f3n por favor contactarnos.[\/vc_column_text][\/vc_column][\/vc_row][vc_row][vc_column][vc_raw_html]JTNDJTIxLS0lMjBGYXJlaGFyYm9yJTIwSW50ZWdyYXRpb24lMjAtLSUzRSUwQSUzQ2RpdiUyMGNsYXNzJTNEJTIyZmhDYWxlbmRhciUyMiUzRSUwQSUzQyUyMS0tJTIwRmFyZUhhcmJvciUyMGNhbGVuZGFyJTIwb2YlMjBmbG93JTIwJTIzOTg1MDUwJTIwLS0lM0UlMEElM0NzY3JpcHQlMjBzcmMlM0QlMjJodHRwcyUzQSUyRiUyRmZhcmVoYXJib3IuY29tJTJGZW1iZWRzJTJGc2NyaXB0JTJGY2FsZW5kYXIlMkZhem9yZXMtdG91cnMlMkYlM0ZmYWxsYmFjayUzRHNpbXBsZSUyNmZ1bGwtaXRlbXMlM0R5ZXMlMjZmbG93JTNEOTg1MDUwJTIyJTNFJTNDJTJGc2NyaXB0JTNFJTNDJTJGZGl2JTNFJTBBJTNDc2NyaXB0JTNFJTIwJTIwJTBBJTIwJTIwalF1ZXJ5JTI4ZG9jdW1lbnQlMjkucmVhZHklMjhmdW5jdGlvbiUyOCUyNCUyOSU3QiUwQXZhciUyMGZoQ2FsZW5kYXIlMjAlM0QlMjAlMjQlMjglMjcuZmhDYWxlbmRhciUyNyUyOSUzQiUwQSUyNCUyOCUyNyUyM3RvdXJCb29raW5nRm9ybSUyNyUyOS5yZXBsYWNlV2l0aCUyOGZoQ2FsZW5kYXIlMjklM0IlMEElMjAlMjAlN0QlMjklM0IlMEElM0MlMkZzY3JpcHQlM0UlMEE=[\/vc_raw_html][\/vc_column][\/vc_row]<\/p>\n","protected":false},"excerpt":{"rendered":"<p>Partida desde la ciudad de Ponta Delgada. La primera parada es en el mirador del Carb\u00f3n, donde se puede observar la costa norte y sur de la isla.<\/p>\n","protected":false},"featured_media":3030,"comment_status":"open","ping_status":"closed","template":"","meta":[],"yoast_head":"<!-- This site is optimized with the Yoast SEO plugin v14.9 - https:\/\/yoast.com\/wordpress\/plugins\/seo\/ -->\n<title>Laguna des Sete Cidades y Laguna de Fogo - Azores Tours<\/title>\n<meta name=\"description\" content=\"Sete Cidades y Lagoa do Fogo: La primera parada es en el mirador del Carb\u00f3n, donde se puede observar la costa norte y sur de la isla.\" \/>\n<meta name=\"robots\" content=\"index, follow, max-snippet:-1, max-image-preview:large, max-video-preview:-1\" \/>\n<link rel=\"canonical\" href=\"https:\/\/azores-tours.com\/es\/tours\/sete-cidades-lagoa-do-fogo\/\" \/>\n<meta property=\"og:locale\" content=\"es_ES\" \/>\n<meta property=\"og:type\" content=\"article\" \/>\n<meta property=\"og:title\" content=\"Laguna des Sete Cidades y Laguna de Fogo - Azores Tours\" \/>\n<meta property=\"og:description\" content=\"Sete Cidades y Lagoa do Fogo: La primera parada es en el mirador del Carb\u00f3n, donde se puede observar la costa norte y sur de la isla.\" \/>\n<meta property=\"og:url\" content=\"https:\/\/azores-tours.com\/es\/tours\/sete-cidades-lagoa-do-fogo\/\" \/>\n<meta property=\"og:site_name\" content=\"Azores Tours\" \/>\n<meta property=\"article:modified_time\" content=\"2026-05-11T23:08:12+00:00\" \/>\n<meta property=\"og:image\" content=\"https:\/\/azores-tours.com\/wp-content\/uploads\/2015\/07\/1737585288377-scaled.jpg\" \/>\n\t<meta property=\"og:image:width\" content=\"2560\" \/>\n\t<meta property=\"og:image:height\" content=\"1920\" \/>\n<meta name=\"twitter:card\" content=\"summary_large_image\" \/>\n<script type=\"application\/ld+json\" class=\"yoast-schema-graph\">{\"@context\":\"https:\/\/schema.org\",\"@graph\":[{\"@type\":\"WebSite\",\"@id\":\"https:\/\/azores-tours.com\/es\/#website\",\"url\":\"https:\/\/azores-tours.com\/es\/\",\"name\":\"Azores Tours\",\"description\":\"Circuitos e Passeios Tur\\u00edsticos em S\\u00e3o Miguel A\\u00e7ores\",\"potentialAction\":[{\"@type\":\"SearchAction\",\"target\":\"https:\/\/azores-tours.com\/es\/?s={search_term_string}\",\"query-input\":\"required name=search_term_string\"}],\"inLanguage\":\"es\"},{\"@type\":\"ImageObject\",\"@id\":\"https:\/\/azores-tours.com\/es\/tours\/sete-cidades-lagoa-do-fogo\/#primaryimage\",\"inLanguage\":\"es\",\"url\":\"https:\/\/azores-tours.com\/wp-content\/uploads\/2015\/07\/1737585288377-scaled.jpg\",\"width\":2560,\"height\":1920},{\"@type\":\"WebPage\",\"@id\":\"https:\/\/azores-tours.com\/es\/tours\/sete-cidades-lagoa-do-fogo\/#webpage\",\"url\":\"https:\/\/azores-tours.com\/es\/tours\/sete-cidades-lagoa-do-fogo\/\",\"name\":\"Laguna des Sete Cidades y Laguna de Fogo - Azores Tours\",\"isPartOf\":{\"@id\":\"https:\/\/azores-tours.com\/es\/#website\"},\"primaryImageOfPage\":{\"@id\":\"https:\/\/azores-tours.com\/es\/tours\/sete-cidades-lagoa-do-fogo\/#primaryimage\"},\"datePublished\":\"2015-07-15T12:01:46+00:00\",\"dateModified\":\"2026-05-11T23:08:12+00:00\",\"description\":\"Sete Cidades y Lagoa do Fogo: La primera parada es en el mirador del Carb\\u00f3n, donde se puede observar la costa norte y sur de la isla.\",\"inLanguage\":\"es\",\"potentialAction\":[{\"@type\":\"ReadAction\",\"target\":[\"https:\/\/azores-tours.com\/es\/tours\/sete-cidades-lagoa-do-fogo\/\"]}]}]}<\/script>\n<!-- \/ Yoast SEO plugin. -->","_links":{"self":[{"href":"https:\/\/azores-tours.com\/es\/wp-json\/wp\/v2\/product\/1912"}],"collection":[{"href":"https:\/\/azores-tours.com\/es\/wp-json\/wp\/v2\/product"}],"about":[{"href":"https:\/\/azores-tours.com\/es\/wp-json\/wp\/v2\/types\/product"}],"replies":[{"embeddable":true,"href":"https:\/\/azores-tours.com\/es\/wp-json\/wp\/v2\/comments?post=1912"}],"wp:featuredmedia":[{"embeddable":true,"href":"https:\/\/azores-tours.com\/es\/wp-json\/wp\/v2\/media\/3030"}],"wp:attachment":[{"href":"https:\/\/azores-tours.com\/es\/wp-json\/wp\/v2\/media?parent=1912"}],"curies":[{"name":"wp","href":"https:\/\/api.w.org\/{rel}","templated":true}]}}