{"id":1496,"date":"2020-09-03T12:24:46","date_gmt":"2020-09-03T12:24:46","guid":{"rendered":"http:\/\/azores-tours.com\/viaturas\/"},"modified":"2023-03-01T21:40:16","modified_gmt":"2023-03-01T21:40:16","slug":"vehiculos","status":"publish","type":"page","link":"https:\/\/azores-tours.com\/es\/vehiculos\/","title":{"rendered":"Veh\u00edculos"},"content":{"rendered":"<p>[vc_row][vc_column][vc_gallery type=\u00bbimage_grid\u00bb images=\u00bb1390,1395,1400,1405,1410,1415,1425,1435,1440,1475,2687,2682,2667,2652,2647,2642,2637,2632,2627,2612,2607,2602,2597,2592,2587,2577,2567,2562,2184,2194,1470,1480,2353&#8243; img_size=\u00bblarge\u00bb el_class=\u00bbgallerystyle\u00bb][\/vc_column][\/vc_row]<\/p>\n","protected":false},"excerpt":{"rendered":"<p>[vc_row][vc_column][vc_gallery type=\u00bbimage_grid\u00bb images=\u00bb1390,1395,1400,1405,1410,1415,1425,1435,1440,1475,2687,2682,2667,2652,2647,2642,2637,2632,2627,2612,2607,2602,2597,2592,2587,2577,2567,2562,2184,2194,1470,1480,2353&#8243; img_size=\u00bblarge\u00bb el_class=\u00bbgallerystyle\u00bb][\/vc_column][\/vc_row]<\/p>\n","protected":false},"author":1,"featured_media":0,"parent":0,"menu_order":0,"comment_status":"closed","ping_status":"closed","template":"","meta":[],"yoast_head":"<!-- This site is optimized with the Yoast SEO plugin v14.9 - https:\/\/yoast.com\/wordpress\/plugins\/seo\/ -->\n<title>Veh\u00edculos - Azores Tours - Flota totalmente equipada<\/title>\n<meta name=\"description\" content=\"Veh\u00edculos: tenemos a tu disposici\u00f3n una flota totalmente equipada para que disfrutes de tu recorrido c\u00f3modamente. Haz tu reserva con nosotros.\" \/>\n<meta name=\"robots\" content=\"index, follow, max-snippet:-1, max-image-preview:large, max-video-preview:-1\" \/>\n<link rel=\"canonical\" href=\"https:\/\/azores-tours.com\/es\/vehiculos\/\" \/>\n<meta property=\"og:locale\" content=\"es_ES\" \/>\n<meta property=\"og:type\" content=\"article\" \/>\n<meta property=\"og:title\" content=\"Veh\u00edculos - Azores Tours - Flota totalmente equipada\" \/>\n<meta property=\"og:description\" content=\"Veh\u00edculos: tenemos a tu disposici\u00f3n una flota totalmente equipada para que disfrutes de tu recorrido c\u00f3modamente. Haz tu reserva con nosotros.\" \/>\n<meta property=\"og:url\" content=\"https:\/\/azores-tours.com\/es\/vehiculos\/\" \/>\n<meta property=\"og:site_name\" content=\"Azores Tours\" \/>\n<meta property=\"article:modified_time\" content=\"2023-03-01T21:40:16+00:00\" \/>\n<meta name=\"twitter:card\" content=\"summary_large_image\" \/>\n<script type=\"application\/ld+json\" class=\"yoast-schema-graph\">{\"@context\":\"https:\/\/schema.org\",\"@graph\":[{\"@type\":\"WebSite\",\"@id\":\"https:\/\/azores-tours.com\/es\/#website\",\"url\":\"https:\/\/azores-tours.com\/es\/\",\"name\":\"Azores Tours\",\"description\":\"Circuitos e Passeios Tur\\u00edsticos em S\\u00e3o Miguel A\\u00e7ores\",\"potentialAction\":[{\"@type\":\"SearchAction\",\"target\":\"https:\/\/azores-tours.com\/es\/?s={search_term_string}\",\"query-input\":\"required name=search_term_string\"}],\"inLanguage\":\"es\"},{\"@type\":\"WebPage\",\"@id\":\"https:\/\/azores-tours.com\/es\/vehiculos\/#webpage\",\"url\":\"https:\/\/azores-tours.com\/es\/vehiculos\/\",\"name\":\"Veh\\u00edculos - Azores Tours - Flota totalmente equipada\",\"isPartOf\":{\"@id\":\"https:\/\/azores-tours.com\/es\/#website\"},\"datePublished\":\"2020-09-03T12:24:46+00:00\",\"dateModified\":\"2023-03-01T21:40:16+00:00\",\"description\":\"Veh\\u00edculos: tenemos a tu disposici\\u00f3n una flota totalmente equipada para que disfrutes de tu recorrido c\\u00f3modamente. Haz tu reserva con nosotros.\",\"inLanguage\":\"es\",\"potentialAction\":[{\"@type\":\"ReadAction\",\"target\":[\"https:\/\/azores-tours.com\/es\/vehiculos\/\"]}]}]}<\/script>\n<!-- \/ Yoast SEO plugin. -->","_links":{"self":[{"href":"https:\/\/azores-tours.com\/es\/wp-json\/wp\/v2\/pages\/1496"}],"collection":[{"href":"https:\/\/azores-tours.com\/es\/wp-json\/wp\/v2\/pages"}],"about":[{"href":"https:\/\/azores-tours.com\/es\/wp-json\/wp\/v2\/types\/page"}],"author":[{"embeddable":true,"href":"https:\/\/azores-tours.com\/es\/wp-json\/wp\/v2\/users\/1"}],"replies":[{"embeddable":true,"href":"https:\/\/azores-tours.com\/es\/wp-json\/wp\/v2\/comments?post=1496"}],"version-history":[{"count":5,"href":"https:\/\/azores-tours.com\/es\/wp-json\/wp\/v2\/pages\/1496\/revisions"}],"predecessor-version":[{"id":2703,"href":"https:\/\/azores-tours.com\/es\/wp-json\/wp\/v2\/pages\/1496\/revisions\/2703"}],"wp:attachment":[{"href":"https:\/\/azores-tours.com\/es\/wp-json\/wp\/v2\/media?parent=1496"}],"curies":[{"name":"wp","href":"https:\/\/api.w.org\/{rel}","templated":true}]}}