{"id":1927,"date":"2020-09-04T10:47:55","date_gmt":"2020-09-04T10:47:55","guid":{"rendered":"http:\/\/azores-tours.com\/product\/nordeste\/"},"modified":"2025-06-30T14:38:34","modified_gmt":"2025-06-30T14:38:34","slug":"nordeste","status":"publish","type":"product","link":"https:\/\/azores-tours.com\/de\/tours\/nordeste\/","title":{"rendered":"Nordosten und Povoa\u00e7\u00e3o"},"content":{"rendered":"<p>[vc_row][vc_column][vc_column_text]Abfahrt vom Ponta delgada in Richtung Nordeste Council. Der Rundkurs f\u00fchrt an der Nordk\u00fcste der Insel entlang, als erster Halt im Naturpark Ribeira dos Caldeir\u00f5es. Hier k\u00f6nnen Sie eine Wasserm\u00fchle, mehrere Wasserf\u00e4lle und einen Souvenirladen besuchen. Wir setzen den Rundgang fort und halten im Dorf Nordeste, wo Sie eine Kirche besichtigen oder einen Kaffee trinken k\u00f6nnen. Als n\u00e4chstes halten wir am Aussichtspunkt &#8222;vista dos barcos&#8220;, wo wir den \u00f6stlichsten Punkt der Insel &#8222;ponta do arnel&#8220;, einen Leuchtturm und einen kleinen Fischereihafen, beobachten. Wir besuchen den Aussichtspunkt ponta do sossego, einen Garten voller verschiedener Blumen, mit Blick auf das Meer und die Berge. N\u00e4chster Halt ist der Aussichtspunkt ponta da madruga belvedere, ein weiterer Ort mit einer einzigartigen Aussicht auf die Insel, wo viele Menschen ihre Sommerd\u00e4mmerung genie\u00dfen, um den Sonnenaufgang vom Meer aus zu beobachten. Wir fahren weiter durch die S\u00fcdk\u00fcste zum Dorf povoa\u00e7\u00e3o, dem ersten Ort, der im Jahr 1432 auf der Insel besiedelt wurde, und der auch f\u00fcr seine typischen S\u00fc\u00dfigkeiten fofa da povoa\u00e7\u00e3o bekannt ist. Mittagspause, Men\u00fc nach Wahl. Nach dem Mittagessen besuchen wir einen Garten und fahren weiter zum Ponta delgada durch die S\u00fcdk\u00fcste, vorbei an furnas und vila franca do campo Dorf und Lagoa Stadt. So, durch diese Orte, beenden wir unsere Tour.<\/p>\n<pre id=\"tw-target-text\" class=\"tw-data-text tw-text-large tw-ta\" dir=\"ltr\" data-placeholder=\"Tradu\u00e7\u00e3o\"><span class=\"Y2IQFc\" lang=\"de\">Bedingungen:\r\n\r\nAlle Rundfahrten Beginnen und Enden bei ihrem Hotel.\r\nGanzt\u00e4gige Touren - von 9:00 bis 17:00 Uhr.\r\nWenn sie eine route im sinne haben, lassen sie uns bitte wissen und wir werden ihnem gerne helfen,\r\nF\u00fcr weitere informationen kontaktieren sie uns bitte\r\n\r\n<\/span><\/pre>\n<p>[\/vc_column_text][\/vc_column][\/vc_row][vc_row][vc_column][vc_raw_html]JTNDJTIxLS0lMjBGYXJlaGFyYm9yJTIwSW50ZWdyYXRpb24lMjAtLSUzRSUwQSUzQ2RpdiUyMGNsYXNzJTNEJTIyZmhDYWxlbmRhciUyMiUzRSUwQSUzQyUyMS0tJTIwRmFyZUhhcmJvciUyMGNhbGVuZGFyJTIwb2YlMjBmbG93JTIwJTIzOTg1MDYyJTIwLS0lM0UlMEElM0NzY3JpcHQlMjBzcmMlM0QlMjJodHRwcyUzQSUyRiUyRmZhcmVoYXJib3IuY29tJTJGZW1iZWRzJTJGc2NyaXB0JTJGY2FsZW5kYXIlMkZhem9yZXMtdG91cnMlMkYlM0ZmYWxsYmFjayUzRHNpbXBsZSUyNmZ1bGwtaXRlbXMlM0R5ZXMlMjZmbG93JTNEOTg1MDYyJTIyJTNFJTNDJTJGc2NyaXB0JTNFJTNDJTJGZGl2JTNFJTBBJTNDc2NyaXB0JTNFJTIwJTIwJTBBJTIwJTIwalF1ZXJ5JTI4ZG9jdW1lbnQlMjkucmVhZHklMjhmdW5jdGlvbiUyOCUyNCUyOSU3QiUwQXZhciUyMGZoQ2FsZW5kYXIlMjAlM0QlMjAlMjQlMjglMjcuZmhDYWxlbmRhciUyNyUyOSUzQiUwQSUyNCUyOCUyNyUyM3RvdXJCb29raW5nRm9ybSUyNyUyOS5yZXBsYWNlV2l0aCUyOGZoQ2FsZW5kYXIlMjklM0IlMEElMjAlMjAlN0QlMjklM0IlMEElM0MlMkZzY3JpcHQlM0UlMEE=[\/vc_raw_html][\/vc_column][\/vc_row]<\/p>\n","protected":false},"excerpt":{"rendered":"<p>Abfahrt vom Ponta delgada in Richtung Nordeste Council. Der Rundkurs f\u00fchrt an der Nordk\u00fcste der Insel entlang, als erster Halt im Naturpark Ribeira dos Caldeir\u00f5es. Hier k\u00f6nnen Sie eine Wasserm\u00fchle, mehrere Wasserf\u00e4lle und einen Souvenirladen besuchen.<\/p>\n","protected":false},"featured_media":2770,"comment_status":"open","ping_status":"closed","template":"","meta":[],"yoast_head":"<!-- This site is optimized with the Yoast SEO plugin v14.9 - https:\/\/yoast.com\/wordpress\/plugins\/seo\/ -->\n<title>Nordosten und Povoa\u00e7\u00e3o - Azores Tours<\/title>\n<meta name=\"description\" content=\"Nordeste\" \/>\n<meta name=\"robots\" content=\"index, follow, max-snippet:-1, max-image-preview:large, max-video-preview:-1\" \/>\n<link rel=\"canonical\" href=\"https:\/\/azores-tours.com\/de\/tours\/nordeste\/\" \/>\n<meta property=\"og:locale\" content=\"de_DE\" \/>\n<meta property=\"og:type\" content=\"article\" \/>\n<meta property=\"og:title\" content=\"Nordosten und Povoa\u00e7\u00e3o - Azores Tours\" \/>\n<meta property=\"og:description\" content=\"Nordeste\" \/>\n<meta property=\"og:url\" content=\"https:\/\/azores-tours.com\/de\/tours\/nordeste\/\" \/>\n<meta property=\"og:site_name\" content=\"Azores Tours\" \/>\n<meta property=\"article:modified_time\" content=\"2025-06-30T14:38:34+00:00\" \/>\n<meta property=\"og:image\" content=\"https:\/\/azores-tours.com\/wp-content\/uploads\/2020\/09\/IMG_20220422_095824-scaled.jpg\" \/>\n\t<meta property=\"og:image:width\" content=\"2560\" \/>\n\t<meta property=\"og:image:height\" content=\"1922\" \/>\n<meta name=\"twitter:card\" content=\"summary_large_image\" \/>\n<script type=\"application\/ld+json\" class=\"yoast-schema-graph\">{\"@context\":\"https:\/\/schema.org\",\"@graph\":[{\"@type\":\"WebSite\",\"@id\":\"https:\/\/azores-tours.com\/de\/#website\",\"url\":\"https:\/\/azores-tours.com\/de\/\",\"name\":\"Azores Tours\",\"description\":\"Circuitos e Passeios Tur\\u00edsticos em S\\u00e3o Miguel A\\u00e7ores\",\"potentialAction\":[{\"@type\":\"SearchAction\",\"target\":\"https:\/\/azores-tours.com\/de\/?s={search_term_string}\",\"query-input\":\"required name=search_term_string\"}],\"inLanguage\":\"de\"},{\"@type\":\"ImageObject\",\"@id\":\"https:\/\/azores-tours.com\/de\/tours\/nordeste\/#primaryimage\",\"inLanguage\":\"de\",\"url\":\"https:\/\/azores-tours.com\/wp-content\/uploads\/2020\/09\/IMG_20220422_095824-scaled.jpg\",\"width\":2560,\"height\":1922},{\"@type\":\"WebPage\",\"@id\":\"https:\/\/azores-tours.com\/de\/tours\/nordeste\/#webpage\",\"url\":\"https:\/\/azores-tours.com\/de\/tours\/nordeste\/\",\"name\":\"Nordosten und Povoa\\u00e7\\u00e3o - Azores Tours\",\"isPartOf\":{\"@id\":\"https:\/\/azores-tours.com\/de\/#website\"},\"primaryImageOfPage\":{\"@id\":\"https:\/\/azores-tours.com\/de\/tours\/nordeste\/#primaryimage\"},\"datePublished\":\"2020-09-04T10:47:55+00:00\",\"dateModified\":\"2025-06-30T14:38:34+00:00\",\"description\":\"Nordeste\",\"inLanguage\":\"de\",\"potentialAction\":[{\"@type\":\"ReadAction\",\"target\":[\"https:\/\/azores-tours.com\/de\/tours\/nordeste\/\"]}]}]}<\/script>\n<!-- \/ Yoast SEO plugin. -->","_links":{"self":[{"href":"https:\/\/azores-tours.com\/de\/wp-json\/wp\/v2\/product\/1927"}],"collection":[{"href":"https:\/\/azores-tours.com\/de\/wp-json\/wp\/v2\/product"}],"about":[{"href":"https:\/\/azores-tours.com\/de\/wp-json\/wp\/v2\/types\/product"}],"replies":[{"embeddable":true,"href":"https:\/\/azores-tours.com\/de\/wp-json\/wp\/v2\/comments?post=1927"}],"wp:featuredmedia":[{"embeddable":true,"href":"https:\/\/azores-tours.com\/de\/wp-json\/wp\/v2\/media\/2770"}],"wp:attachment":[{"href":"https:\/\/azores-tours.com\/de\/wp-json\/wp\/v2\/media?parent=1927"}],"curies":[{"name":"wp","href":"https:\/\/api.w.org\/{rel}","templated":true}]}}