{"id":1923,"date":"2020-09-04T10:28:55","date_gmt":"2020-09-04T10:28:55","guid":{"rendered":"http:\/\/azores-tours.com\/product\/lagoa-do-fogo\/"},"modified":"2025-04-17T02:21:46","modified_gmt":"2025-04-17T02:21:46","slug":"lagoa-do-fogo","status":"publish","type":"product","link":"https:\/\/azores-tours.com\/de\/tours\/lagoa-do-fogo\/","title":{"rendered":"Feuerlagune"},"content":{"rendered":"<p>[vc_row][vc_column][vc_column_text]Abfahrt von der Stadt Ponta delgada. Der erste Halt erfolgt im Stadtzentrum von Ribeira Grande, wo Sie ein Flussufer mit einem kleinen Wasserfall sehen k\u00f6nnen, der den Garten durchquert. Dieses Flussufer gibt der Stadt ihren Namen. Als N\u00e4chstes besichtigen wir die Schnapsfabrik Mulher de Capote, wo Sie einige aus Inselfr\u00fcchten hergestellte Obstschn\u00e4pse und auch Milchschn\u00e4pse probieren k\u00f6nnen. Wir begannen, den ,Berg von lagoa do fogo, wobei wir einen 30 minuten Stopp einlegten, um den Naturpark von caldeira velha zu besuchen (Eintrittsgeb\u00fchren nicht inbegriffen) wo Sie eine hei\u00dfe Quelle und einen Wasserfall mit einem nat\u00fcrlichen Pool sehen k\u00f6nnen. Wir beginnen unseren Aufstieg und genie\u00dfen die gesch\u00fctzte Naturlandschaft von lagoa do fogo, wobei wir an verschiedenen Aussichtspunkten Halt machen. Wir erreichten den Gipfel des Berges mit einer H\u00f6he von 947 Metern. Schlie\u00dflich halten wir an der Keramikfabrik in der Stadt Lagoa, die 1862 eingeweiht wurde. Die R\u00fcckkehr erfolgt entlang der S\u00fcdk\u00fcste der Insel in Richtung der Stadt Ponta Delgada. So beenden wir unsere Tour.<\/p>\n<p><span class=\"Y2IQFc\" lang=\"de\">Bedingungen: <\/span><\/p>\n<p><span class=\"Y2IQFc\" lang=\"de\">Alle Rundfahrten Beginnen und Enden bei ihrem Hotel. <\/span><\/p>\n<p><span class=\"Y2IQFc\" lang=\"de\">Ganzt\u00e4gige Touren &#8211; von 9:00 bis 12:30 Uhr von 14:00 bis 17:00 uhr.<\/span><\/p>\n<p><span class=\"Y2IQFc\" lang=\"de\">Wenn sie eine route im sinne haben, lassen sie uns bitte wissen und wir werden ihnem gerne helfen.<\/span><\/p>\n<p><span class=\"Y2IQFc\" lang=\"de\">F\u00fcr weitere informationen kontaktieren sie uns bitte<\/span>[\/vc_column_text][vc_raw_html]JTNDJTIxLS0lMjBGYXJlaGFyYm9yJTIwSW50ZWdyYXRpb24lMjAtLSUzRSUwQSUzQ2RpdiUyMGNsYXNzJTNEJTIyZmhDYWxlbmRhciUyMiUzRSUzQyUyMS0tJTIwRmFyZUhhcmJvciUyMGNhbGVuZGFyJTIwb2YlMjBmbG93JTIwJTIzOTg1MDMzJTIwLS0lM0UlMEElM0NzY3JpcHQlMjBzcmMlM0QlMjJodHRwcyUzQSUyRiUyRmZhcmVoYXJib3IuY29tJTJGZW1iZWRzJTJGc2NyaXB0JTJGY2FsZW5kYXIlMkZhem9yZXMtdG91cnMlMkYlM0ZmYWxsYmFjayUzRHNpbXBsZSUyNmZ1bGwtaXRlbXMlM0R5ZXMlMjZmbG93JTNEOTg1MDMzJTIyJTNFJTNDJTJGc2NyaXB0JTNFJTNDJTJGZGl2JTNFJTBBJTNDc2NyaXB0JTNFJTIwJTIwJTBBJTIwJTIwalF1ZXJ5JTI4ZG9jdW1lbnQlMjkucmVhZHklMjhmdW5jdGlvbiUyOCUyNCUyOSU3QiUwQXZhciUyMGZoQ2FsZW5kYXIlMjAlM0QlMjAlMjQlMjglMjcuZmhDYWxlbmRhciUyNyUyOSUzQiUwQSUyNCUyOCUyNyUyM3RvdXJCb29raW5nRm9ybSUyNyUyOS5yZXBsYWNlV2l0aCUyOGZoQ2FsZW5kYXIlMjklM0IlMEElMjAlMjAlN0QlMjklM0IlMEElM0MlMkZzY3JpcHQlM0U=[\/vc_raw_html][\/vc_column][\/vc_row]<\/p>\n","protected":false},"excerpt":{"rendered":"<p>Abfahrt von der Stadt Ponta delgada. Der erste Halt erfolgt im Stadtzentrum von Ribeira Grande, wo Sie ein Flussufer mit einem kleinen Wasserfall sehen k\u00f6nnen, der den Garten durchquert.<\/p>\n","protected":false},"featured_media":3039,"comment_status":"open","ping_status":"closed","template":"","meta":[],"yoast_head":"<!-- This site is optimized with the Yoast SEO plugin v14.9 - https:\/\/yoast.com\/wordpress\/plugins\/seo\/ -->\n<title>Feuerlagune - Azores Tours<\/title>\n<meta name=\"description\" content=\"Lagoa do Fogo\" \/>\n<meta name=\"robots\" content=\"index, follow, max-snippet:-1, max-image-preview:large, max-video-preview:-1\" \/>\n<link rel=\"canonical\" href=\"https:\/\/azores-tours.com\/de\/tours\/lagoa-do-fogo\/\" \/>\n<meta property=\"og:locale\" content=\"de_DE\" \/>\n<meta property=\"og:type\" content=\"article\" \/>\n<meta property=\"og:title\" content=\"Feuerlagune - Azores Tours\" \/>\n<meta property=\"og:description\" content=\"Lagoa do Fogo\" \/>\n<meta property=\"og:url\" content=\"https:\/\/azores-tours.com\/de\/tours\/lagoa-do-fogo\/\" \/>\n<meta property=\"og:site_name\" content=\"Azores Tours\" \/>\n<meta property=\"article:modified_time\" content=\"2025-04-17T02:21:46+00:00\" \/>\n<meta property=\"og:image\" content=\"https:\/\/azores-tours.com\/wp-content\/uploads\/2020\/09\/1-scaled.jpg\" \/>\n\t<meta property=\"og:image:width\" content=\"2560\" \/>\n\t<meta property=\"og:image:height\" content=\"1922\" \/>\n<meta name=\"twitter:card\" content=\"summary_large_image\" \/>\n<script type=\"application\/ld+json\" class=\"yoast-schema-graph\">{\"@context\":\"https:\/\/schema.org\",\"@graph\":[{\"@type\":\"WebSite\",\"@id\":\"https:\/\/azores-tours.com\/de\/#website\",\"url\":\"https:\/\/azores-tours.com\/de\/\",\"name\":\"Azores Tours\",\"description\":\"Circuitos e Passeios Tur\\u00edsticos em S\\u00e3o Miguel A\\u00e7ores\",\"potentialAction\":[{\"@type\":\"SearchAction\",\"target\":\"https:\/\/azores-tours.com\/de\/?s={search_term_string}\",\"query-input\":\"required name=search_term_string\"}],\"inLanguage\":\"de\"},{\"@type\":\"ImageObject\",\"@id\":\"https:\/\/azores-tours.com\/de\/tours\/lagoa-do-fogo\/#primaryimage\",\"inLanguage\":\"de\",\"url\":\"https:\/\/azores-tours.com\/wp-content\/uploads\/2020\/09\/1-scaled.jpg\",\"width\":2560,\"height\":1922},{\"@type\":\"WebPage\",\"@id\":\"https:\/\/azores-tours.com\/de\/tours\/lagoa-do-fogo\/#webpage\",\"url\":\"https:\/\/azores-tours.com\/de\/tours\/lagoa-do-fogo\/\",\"name\":\"Feuerlagune - Azores Tours\",\"isPartOf\":{\"@id\":\"https:\/\/azores-tours.com\/de\/#website\"},\"primaryImageOfPage\":{\"@id\":\"https:\/\/azores-tours.com\/de\/tours\/lagoa-do-fogo\/#primaryimage\"},\"datePublished\":\"2020-09-04T10:28:55+00:00\",\"dateModified\":\"2025-04-17T02:21:46+00:00\",\"description\":\"Lagoa do Fogo\",\"inLanguage\":\"de\",\"potentialAction\":[{\"@type\":\"ReadAction\",\"target\":[\"https:\/\/azores-tours.com\/de\/tours\/lagoa-do-fogo\/\"]}]}]}<\/script>\n<!-- \/ Yoast SEO plugin. -->","_links":{"self":[{"href":"https:\/\/azores-tours.com\/de\/wp-json\/wp\/v2\/product\/1923"}],"collection":[{"href":"https:\/\/azores-tours.com\/de\/wp-json\/wp\/v2\/product"}],"about":[{"href":"https:\/\/azores-tours.com\/de\/wp-json\/wp\/v2\/types\/product"}],"replies":[{"embeddable":true,"href":"https:\/\/azores-tours.com\/de\/wp-json\/wp\/v2\/comments?post=1923"}],"wp:featuredmedia":[{"embeddable":true,"href":"https:\/\/azores-tours.com\/de\/wp-json\/wp\/v2\/media\/3039"}],"wp:attachment":[{"href":"https:\/\/azores-tours.com\/de\/wp-json\/wp\/v2\/media?parent=1923"}],"curies":[{"name":"wp","href":"https:\/\/api.w.org\/{rel}","templated":true}]}}