{"id":1915,"date":"2020-09-04T09:40:17","date_gmt":"2020-09-04T09:40:17","guid":{"rendered":"http:\/\/azores-tours.com\/product\/furnas\/"},"modified":"2025-04-19T17:21:47","modified_gmt":"2025-04-19T17:21:47","slug":"furnas","status":"publish","type":"product","link":"https:\/\/azores-tours.com\/de\/tours\/furnas\/","title":{"rendered":"Furnas"},"content":{"rendered":"<p>[vc_row][vc_column][vc_column_text]Abfahrt der Stadt Ponta delgada. Wir fahren nach Furnas entlang der S\u00fcdk\u00fcste der Insel.\u00a0 Als N\u00e4chstes fahren wir zur vila franca do campo, ein kurzer Halt wird am Aussichtspunkt pis\u00e3o im Dorf \u00e1gua de pau gemacht, von dem aus man das Meer und ein kleines Dorf caloura \u00fcberblickt, ein Gebiet mit einem kleinen Fischerhafen und einem nat\u00fcrlichen Pool. Nach der vila franca do campo, der ersten Hauptstadt der Insel, halten wir am Aussichtspunkt senhora da paz, einer Kapelle auf dem H\u00fcgel mit einem herrlichen Blick \u00fcber das Dorf, das Meer und die gleichnamige Insel des Dorfes, die von einem Vulkanausbruch geformt wurde. Wir setzen den Rundgang zu Furnas fort, wo uns der See am Eingang des Dorfes empf\u00e4ngt. Ist entlang einer der Kanten, die wir sch\u00e4tzen die Entfernung der ber\u00fchmten Eintopf, cozido das furnas, aus den Kesseln. (Eintrittsgelder nicht inbegriffen) Zeit zum Mittagessen , furnas portugiesischen Eintopf, oder Sie k\u00f6nnen ein anderes Gericht w\u00e4hlen. Vor dem Mittagessen besuchen wir auch den botanischen Garten Terra Nostra (Eintrittsgelder nicht inbegriffen), ein Schwimmbad, in dem Sie 1 Stunde lang im warmen Thermalwasser baden oder einfach im Garten spazieren gehen k\u00f6nnen. Wir folgen zum Zentrum des Dorfes furnas, um andere Kessel mit kochendem Wasser zu genie\u00dfen und das typische Wasser zu kosten, das an verschiedenen Ausl\u00e4ufen flie\u00dft. Wir setzen die Tour fort und kehren nach Ponta Delgada entlang der Nordk\u00fcste zur\u00fcck, wo wir am Aussichtspunkt Pico do Ferro halten, von dem aus man den See und das Dorf Furnas \u00fcberblickt, das sich in einem Krater befindet. Wir besuchen die in ganz Europa einzigartige Teeplantage und Teefabrik Tea Gorreana, die seit 1883 ge\u00f6ffnet ist und wo wir den ber\u00fchmten gr\u00fcnen und schwarzen Tee der Insel kosten k\u00f6nnen. Den letzten Halt machen wir am miradouro de santa iria, wo wir einen einzigartigen Blick auf die Nordk\u00fcste und das Meer genie\u00dfen k\u00f6nnen, ideal f\u00fcr Fotos. Mit diesem letzten Halt beenden wir unsere Tour.<\/p>\n<p><span class=\"Y2IQFc\" lang=\"de\">Bedingungen: <\/span><\/p>\n<p><span class=\"Y2IQFc\" lang=\"de\">Alle Rundfahrten Beginnen und Enden bei ihrem Hotel.<\/span><\/p>\n<p><span class=\"Y2IQFc\" lang=\"de\"> Ganzt\u00e4gige Touren &#8211; von 9:00 bis 17:00 Uhr.<\/span><\/p>\n<p><span class=\"Y2IQFc\" lang=\"de\">Wenn sie eine route im sinne haben, lassen sie uns bitte wissen und wir werden ihnem gerne helfen.<\/span><\/p>\n<p><span class=\"Y2IQFc\" lang=\"de\"> F\u00fcr weitere informationen kontaktieren sie uns bitte<\/span>[\/vc_column_text][\/vc_column][\/vc_row][vc_row][vc_column][vc_raw_html]JTNDJTIxLS0lMjBGYXJlaGFyYm9yJTIwSW50ZWdyYXRpb24lMjAtLSUzRSUwQSUzQ2RpdiUyMGNsYXNzJTNEJTIyZmhDYWxlbmRhciUyMiUzRSUzQyUyMS0tJTIwRmFyZUhhcmJvciUyMGNhbGVuZGFyJTIwb2YlMjBmbG93JTIwJTIzOTg1MDM3JTIwLS0lM0UlMEElM0NzY3JpcHQlMjBzcmMlM0QlMjJodHRwcyUzQSUyRiUyRmZhcmVoYXJib3IuY29tJTJGZW1iZWRzJTJGc2NyaXB0JTJGY2FsZW5kYXIlMkZhem9yZXMtdG91cnMlMkYlM0ZmYWxsYmFjayUzRHNpbXBsZSUyNmZ1bGwtaXRlbXMlM0R5ZXMlMjZmbG93JTNEOTg1MDM3JTIyJTNFJTNDJTJGc2NyaXB0JTNFJTNDJTJGZGl2JTNFJTBBJTNDc2NyaXB0JTNFJTIwJTIwJTBBJTIwJTIwalF1ZXJ5JTI4ZG9jdW1lbnQlMjkucmVhZHklMjhmdW5jdGlvbiUyOCUyNCUyOSU3QiUwQXZhciUyMGZoQ2FsZW5kYXIlMjAlM0QlMjAlMjQlMjglMjcuZmhDYWxlbmRhciUyNyUyOSUzQiUwQSUyNCUyOCUyNyUyM3RvdXJCb29raW5nRm9ybSUyNyUyOS5yZXBsYWNlV2l0aCUyOGZoQ2FsZW5kYXIlMjklM0IlMEElMjAlMjAlN0QlMjklM0IlMEElM0MlMkZzY3JpcHQlM0U=[\/vc_raw_html][\/vc_column][\/vc_row]<\/p>\n","protected":false},"excerpt":{"rendered":"<p>Abfahrt der Stadt Ponta delgada. Wir fahren nach furnas entlang der S\u00fcdk\u00fcste der Insel. Unser erster Halt ist die seit 1862 ge\u00f6ffnete Keramikfabrik cer\u00e2mica viera in Lagoa City. Als N\u00e4chstes fahren wir zur vila franca do campo, ein kurzer Halt wird am Aussichtspunkt pis\u00e3o im Dorf \u00e1gua de pau gemacht, von dem aus man das Meer und ein kleines Dorf caloura \u00fcberblickt, ein Gebiet mit einem kleinen Fischerhafen und einem nat\u00fcrlichen Pool.<\/p>\n","protected":false},"featured_media":1682,"comment_status":"open","ping_status":"closed","template":"","meta":[],"yoast_head":"<!-- This site is optimized with the Yoast SEO plugin v14.9 - https:\/\/yoast.com\/wordpress\/plugins\/seo\/ -->\n<title>Furnas - Azores Tours<\/title>\n<meta name=\"description\" content=\"Furnas\" \/>\n<meta name=\"robots\" content=\"index, follow, max-snippet:-1, max-image-preview:large, max-video-preview:-1\" \/>\n<link rel=\"canonical\" href=\"https:\/\/azores-tours.com\/de\/tours\/furnas\/\" \/>\n<meta property=\"og:locale\" content=\"de_DE\" \/>\n<meta property=\"og:type\" content=\"article\" \/>\n<meta property=\"og:title\" content=\"Furnas - Azores Tours\" \/>\n<meta property=\"og:description\" content=\"Furnas\" \/>\n<meta property=\"og:url\" content=\"https:\/\/azores-tours.com\/de\/tours\/furnas\/\" \/>\n<meta property=\"og:site_name\" content=\"Azores Tours\" \/>\n<meta property=\"article:modified_time\" content=\"2025-04-19T17:21:47+00:00\" \/>\n<meta property=\"og:image\" content=\"https:\/\/azores-tours.com\/wp-content\/uploads\/2020\/09\/imagem-central.jpg\" \/>\n\t<meta property=\"og:image:width\" content=\"1060\" \/>\n\t<meta property=\"og:image:height\" content=\"594\" \/>\n<meta name=\"twitter:card\" content=\"summary_large_image\" \/>\n<script type=\"application\/ld+json\" class=\"yoast-schema-graph\">{\"@context\":\"https:\/\/schema.org\",\"@graph\":[{\"@type\":\"WebSite\",\"@id\":\"https:\/\/azores-tours.com\/de\/#website\",\"url\":\"https:\/\/azores-tours.com\/de\/\",\"name\":\"Azores Tours\",\"description\":\"Circuitos e Passeios Tur\\u00edsticos em S\\u00e3o Miguel A\\u00e7ores\",\"potentialAction\":[{\"@type\":\"SearchAction\",\"target\":\"https:\/\/azores-tours.com\/de\/?s={search_term_string}\",\"query-input\":\"required name=search_term_string\"}],\"inLanguage\":\"de\"},{\"@type\":\"ImageObject\",\"@id\":\"https:\/\/azores-tours.com\/de\/tours\/furnas\/#primaryimage\",\"inLanguage\":\"de\",\"url\":\"https:\/\/azores-tours.com\/wp-content\/uploads\/2020\/09\/imagem-central.jpg\",\"width\":1060,\"height\":594},{\"@type\":\"WebPage\",\"@id\":\"https:\/\/azores-tours.com\/de\/tours\/furnas\/#webpage\",\"url\":\"https:\/\/azores-tours.com\/de\/tours\/furnas\/\",\"name\":\"Furnas - Azores Tours\",\"isPartOf\":{\"@id\":\"https:\/\/azores-tours.com\/de\/#website\"},\"primaryImageOfPage\":{\"@id\":\"https:\/\/azores-tours.com\/de\/tours\/furnas\/#primaryimage\"},\"datePublished\":\"2020-09-04T09:40:17+00:00\",\"dateModified\":\"2025-04-19T17:21:47+00:00\",\"description\":\"Furnas\",\"inLanguage\":\"de\",\"potentialAction\":[{\"@type\":\"ReadAction\",\"target\":[\"https:\/\/azores-tours.com\/de\/tours\/furnas\/\"]}]}]}<\/script>\n<!-- \/ Yoast SEO plugin. -->","_links":{"self":[{"href":"https:\/\/azores-tours.com\/de\/wp-json\/wp\/v2\/product\/1915"}],"collection":[{"href":"https:\/\/azores-tours.com\/de\/wp-json\/wp\/v2\/product"}],"about":[{"href":"https:\/\/azores-tours.com\/de\/wp-json\/wp\/v2\/types\/product"}],"replies":[{"embeddable":true,"href":"https:\/\/azores-tours.com\/de\/wp-json\/wp\/v2\/comments?post=1915"}],"wp:featuredmedia":[{"embeddable":true,"href":"https:\/\/azores-tours.com\/de\/wp-json\/wp\/v2\/media\/1682"}],"wp:attachment":[{"href":"https:\/\/azores-tours.com\/de\/wp-json\/wp\/v2\/media?parent=1915"}],"curies":[{"name":"wp","href":"https:\/\/api.w.org\/{rel}","templated":true}]}}