{"id":1911,"date":"2015-07-15T12:01:46","date_gmt":"2015-07-15T12:01:46","guid":{"rendered":"http:\/\/azores-tours.com\/product\/sete-cidades-lagoa-do-fogo\/"},"modified":"2026-05-11T23:07:27","modified_gmt":"2026-05-11T23:07:27","slug":"sete-cidades-lagoa-do-fogo","status":"publish","type":"product","link":"https:\/\/azores-tours.com\/de\/tours\/sete-cidades-lagoa-do-fogo\/","title":{"rendered":"Lagune der sieben St\u00e4dte und Lagune des Feuers"},"content":{"rendered":"<p>[vc_row][vc_column][vc_column_text]Abfahrt von der Stadt ponta delgada, erster Halt am miradouro do carv\u00e3o, wo Sie die Nord- und S\u00fcdk\u00fcste der Insel beobachten k\u00f6nnen. Weiter geht es zur lagoa do can\u00e1rio, die sich inmitten einer dichten Vegetation von Kryptomerienb\u00e4umen befindet, standpunkt Grota do Inferno (<span class=\"Y2IQFc\" lang=\"de\">h\u00e4ngt von den Wetterbedingungen ab).<\/span> Wir fahren weiter nach miradouro vista do rei, um eines der 7 Wunder Portugals, die lagoa das sete cidades, zu genie\u00dfen. Als n\u00e4chstes halten wir am cerrado das freiras, einem weiteren Aussichtspunkt, von dem aus man einen weiteren Blick auf das Dorf und den See hat. Wir setzen die Tour fort und besuchen die Lagoa de Santiago, einen weiteren wundersch\u00f6nen Vulkankrater. Eine kurze Pause machen wir im Dorf sete cidades, wo Sie die Kirche von S\u00e3o Nicolau besuchen oder einfach die frische Luft der Natur genie\u00dfen k\u00f6nnen. Wir setzen unsere Tour entlang der Westk\u00fcste der Insel zum ponta delgada fort, wo wir mehrere D\u00f6rfer umrunden und das Meer und die Berge im Hintergrund haben. Nach dem Mittagessen besuchen wir das Stadtzentrum von Ribeira Grande, wo Sie ein Flussufer mit einem kleinen Wasserfall sehen k\u00f6nnen, der den Garten durchquert (Fisch, Fleisch oder vegetarisch). Dieses Flussufer gibt der Stadt ihren Namen. Als N\u00e4chstes besuchen wir die Lik\u00f6rfabrik Mulher de Capote, wo Sie einige aus Inselfr\u00fcchten hergestellte Obstlik\u00f6rsorten und auch Milchlik\u00f6rs probieren k\u00f6nnen. Wir begannen mit dem Aufstieg auf den Berg von lagoa do fogo, wobei wir einen 30 minuten Stopp einlegten, um den Naturpark von caldeira velha zu besuchen (Eintrittsgeb\u00fchren nicht inbegriffen), wo man eine hei\u00dfe Quelle und einen Wasserfall mit einem nat\u00fcrlichen Schwimmbecken sehen kann.(M\u00f6glichkeit zum Baden) Wir beginnen unseren Aufstieg und genie\u00dfen die gesch\u00fctzte Naturlandschaft von lagoa do fogo, wobei wir an verschiedenen Aussichtspunkten Halt machen. Wir erreichen den Gipfel des Berges mit einer H\u00f6he von 947 Metern. Die R\u00fcckkehr erfolgt entlang der S\u00fcdk\u00fcste der Insel. Unser letzter Halt, die Ananasplantage, die in weltweit einzigartigen Gew\u00e4chsh\u00e4usern bewirtschaftet wird. So beenden wir unsere Tour.<\/p>\n<p><span class=\"Y2IQFc\" lang=\"de\">Bedingungen:<\/span><\/p>\n<p><span class=\"Y2IQFc\" lang=\"de\"> Alle Rundfahrten Beginnen und Enden bei ihrem Hotel. <\/span><\/p>\n<p><span class=\"Y2IQFc\" lang=\"de\">Ganzt\u00e4gige Touren &#8211; von 9:00 bis 17:00 Uhr.<\/span><\/p>\n<p><span class=\"Y2IQFc\" lang=\"de\"> Wenn sie eine route im sinne haben, lassen sie uns bitte wissen und wir werden ihnem gerne helfen.<\/span><\/p>\n<p><span class=\"Y2IQFc\" lang=\"de\"> F\u00fcr weitere informationen kontaktieren sie uns bitte<\/span>[\/vc_column_text][\/vc_column][\/vc_row][vc_row][vc_column][vc_raw_html]JTNDJTIxLS0lMjBGYXJlaGFyYm9yJTIwSW50ZWdyYXRpb24lMjAtLSUzRSUwQSUzQ2RpdiUyMGNsYXNzJTNEJTIyZmhDYWxlbmRhciUyMiUzRSUwQSUzQyUyMS0tJTIwRmFyZUhhcmJvciUyMGNhbGVuZGFyJTIwb2YlMjBmbG93JTIwJTIzOTg1MDUwJTIwLS0lM0UlMEElM0NzY3JpcHQlMjBzcmMlM0QlMjJodHRwcyUzQSUyRiUyRmZhcmVoYXJib3IuY29tJTJGZW1iZWRzJTJGc2NyaXB0JTJGY2FsZW5kYXIlMkZhem9yZXMtdG91cnMlMkYlM0ZmYWxsYmFjayUzRHNpbXBsZSUyNmZ1bGwtaXRlbXMlM0R5ZXMlMjZmbG93JTNEOTg1MDUwJTIyJTNFJTNDJTJGc2NyaXB0JTNFJTNDJTJGZGl2JTNFJTBBJTNDc2NyaXB0JTNFJTIwJTIwJTBBJTIwJTIwalF1ZXJ5JTI4ZG9jdW1lbnQlMjkucmVhZHklMjhmdW5jdGlvbiUyOCUyNCUyOSU3QiUwQXZhciUyMGZoQ2FsZW5kYXIlMjAlM0QlMjAlMjQlMjglMjcuZmhDYWxlbmRhciUyNyUyOSUzQiUwQSUyNCUyOCUyNyUyM3RvdXJCb29raW5nRm9ybSUyNyUyOS5yZXBsYWNlV2l0aCUyOGZoQ2FsZW5kYXIlMjklM0IlMEElMjAlMjAlN0QlMjklM0IlMEElM0MlMkZzY3JpcHQlM0UlMEE=[\/vc_raw_html][\/vc_column][\/vc_row]<\/p>\n","protected":false},"excerpt":{"rendered":"<p>Abfahrt von der Stadt ponta delgada, erster Halt am miradouro do carv\u00e3o, wo Sie die Nord- und S\u00fcdk\u00fcste der Insel beobachten k\u00f6nnen.<\/p>\n","protected":false},"featured_media":3029,"comment_status":"open","ping_status":"closed","template":"","meta":[],"yoast_head":"<!-- This site is optimized with the Yoast SEO plugin v14.9 - https:\/\/yoast.com\/wordpress\/plugins\/seo\/ -->\n<title>Lagune der sieben St\u00e4dte und Lagune des Feuers - Azores Tours<\/title>\n<meta name=\"description\" content=\"Sete Cidades &amp; Lagoa do Fogo\" \/>\n<meta name=\"robots\" content=\"index, follow, max-snippet:-1, max-image-preview:large, max-video-preview:-1\" \/>\n<link rel=\"canonical\" href=\"https:\/\/azores-tours.com\/de\/tours\/sete-cidades-lagoa-do-fogo\/\" \/>\n<meta property=\"og:locale\" content=\"de_DE\" \/>\n<meta property=\"og:type\" content=\"article\" \/>\n<meta property=\"og:title\" content=\"Lagune der sieben St\u00e4dte und Lagune des Feuers - Azores Tours\" \/>\n<meta property=\"og:description\" content=\"Sete Cidades &amp; Lagoa do Fogo\" \/>\n<meta property=\"og:url\" content=\"https:\/\/azores-tours.com\/de\/tours\/sete-cidades-lagoa-do-fogo\/\" \/>\n<meta property=\"og:site_name\" content=\"Azores Tours\" \/>\n<meta property=\"article:modified_time\" content=\"2026-05-11T23:07:27+00:00\" \/>\n<meta property=\"og:image\" content=\"https:\/\/azores-tours.com\/wp-content\/uploads\/2015\/07\/1737585288377-scaled.jpg\" \/>\n\t<meta property=\"og:image:width\" content=\"2560\" \/>\n\t<meta property=\"og:image:height\" content=\"1920\" \/>\n<meta name=\"twitter:card\" content=\"summary_large_image\" \/>\n<script type=\"application\/ld+json\" class=\"yoast-schema-graph\">{\"@context\":\"https:\/\/schema.org\",\"@graph\":[{\"@type\":\"WebSite\",\"@id\":\"https:\/\/azores-tours.com\/de\/#website\",\"url\":\"https:\/\/azores-tours.com\/de\/\",\"name\":\"Azores Tours\",\"description\":\"Circuitos e Passeios Tur\\u00edsticos em S\\u00e3o Miguel A\\u00e7ores\",\"potentialAction\":[{\"@type\":\"SearchAction\",\"target\":\"https:\/\/azores-tours.com\/de\/?s={search_term_string}\",\"query-input\":\"required name=search_term_string\"}],\"inLanguage\":\"de\"},{\"@type\":\"ImageObject\",\"@id\":\"https:\/\/azores-tours.com\/de\/tours\/sete-cidades-lagoa-do-fogo\/#primaryimage\",\"inLanguage\":\"de\",\"url\":\"https:\/\/azores-tours.com\/wp-content\/uploads\/2015\/07\/1737585288377-scaled.jpg\",\"width\":2560,\"height\":1920},{\"@type\":\"WebPage\",\"@id\":\"https:\/\/azores-tours.com\/de\/tours\/sete-cidades-lagoa-do-fogo\/#webpage\",\"url\":\"https:\/\/azores-tours.com\/de\/tours\/sete-cidades-lagoa-do-fogo\/\",\"name\":\"Lagune der sieben St\\u00e4dte und Lagune des Feuers - Azores Tours\",\"isPartOf\":{\"@id\":\"https:\/\/azores-tours.com\/de\/#website\"},\"primaryImageOfPage\":{\"@id\":\"https:\/\/azores-tours.com\/de\/tours\/sete-cidades-lagoa-do-fogo\/#primaryimage\"},\"datePublished\":\"2015-07-15T12:01:46+00:00\",\"dateModified\":\"2026-05-11T23:07:27+00:00\",\"description\":\"Sete Cidades & Lagoa do Fogo\",\"inLanguage\":\"de\",\"potentialAction\":[{\"@type\":\"ReadAction\",\"target\":[\"https:\/\/azores-tours.com\/de\/tours\/sete-cidades-lagoa-do-fogo\/\"]}]}]}<\/script>\n<!-- \/ Yoast SEO plugin. -->","_links":{"self":[{"href":"https:\/\/azores-tours.com\/de\/wp-json\/wp\/v2\/product\/1911"}],"collection":[{"href":"https:\/\/azores-tours.com\/de\/wp-json\/wp\/v2\/product"}],"about":[{"href":"https:\/\/azores-tours.com\/de\/wp-json\/wp\/v2\/types\/product"}],"replies":[{"embeddable":true,"href":"https:\/\/azores-tours.com\/de\/wp-json\/wp\/v2\/comments?post=1911"}],"wp:featuredmedia":[{"embeddable":true,"href":"https:\/\/azores-tours.com\/de\/wp-json\/wp\/v2\/media\/3029"}],"wp:attachment":[{"href":"https:\/\/azores-tours.com\/de\/wp-json\/wp\/v2\/media?parent=1911"}],"curies":[{"name":"wp","href":"https:\/\/api.w.org\/{rel}","templated":true}]}}