{"id":2333,"date":"2022-02-17T15:06:56","date_gmt":"2022-02-17T15:06:56","guid":{"rendered":"https:\/\/azores-tours.com\/kreuzfahrten\/"},"modified":"2025-02-13T19:53:17","modified_gmt":"2025-02-13T19:53:17","slug":"kreuzfahrten","status":"publish","type":"page","link":"https:\/\/azores-tours.com\/de\/kreuzfahrten\/","title":{"rendered":"Kreuzfahrten"},"content":{"rendered":"<p>Pedro Ferreira Azores Tours w\u00fcnscht Ihnen ein angenehmes Erlebnis auf der Insel S\u00e3o Miguel. Daher haben wir sorgf\u00e4ltig Pakete mit 4 Ausfl\u00fcgen zusammengestellt, die sich flexibel an unterschiedliche Wetterbedingungen und Ihre verf\u00fcgbare Zeit anpassen. Da die Aufenthalte der Kreuzfahrtschiffe hier jeweils nur kurz sind, versuchen die Schiffspassagiere, die Zeit optimal zu nutzen.<\/p>\n<p>Pedro Ferreira Azores Tours hat eine spezielle Liste mit Ausfl\u00fcgen zusammengestellt, die Sie w\u00e4hrend Ihres Aufenthalts unternehmen k\u00f6nnen. Daher empfehlen wir f\u00fcr k\u00fcrzere Besuche unsere Tour #Lagoa das Sete Cidades oder #Lagoa do Fogo mit einer Dauer von ca. 3:30 Stunden, f\u00fcr l\u00e4ngere Besuche unsere Tour #Lagoa das Sete Cidades mit Lagoa do Fogo und #Furnas mit einer Dauer von ca. 6 Stunden sowie als Alternative f\u00fcr neblige Tage unsere Tour #Furnas.<\/p>\n<p>&nbsp;<\/p>\n<p>So erreichen Sie uns:<\/p>\n<p>&nbsp;<\/p>\n<p>Wenn Ihr Schiff im Touristenhafen anlegt, erwartet Sie Ihr Reiseleiter im Terminal mit einem Schild mit Ihrem Namen.<\/p>\n<p>Wenn Ihr Schiff im Handelshafen anlegt, m\u00fcssen Sie den vom Hafen bereitgestellten Bus nehmen, der Sie zum Ausgang des Handelshafens bringt. Dort erwartet Sie Ihr Guide zur vereinbarten Zeit mit einem Schild mit Ihrem Namen.<\/p>\n<p>Eine der Priorit\u00e4ten unseres Unternehmens besteht darin, Sie p\u00fcnktlich zum Schiff zur\u00fcckzubringen. Auf diese Weise haben Sie auch etwas Zeit, die Stadt Ponta Delgada zu erkunden.<\/p>\n<p>Wenn Sie eine unserer Touren buchen m\u00f6chten, senden Sie uns bitte eine E-Mail mit den folgenden Informationen: Anzahl der Personen in Ihrer Gruppe (Erwachsene\/Kinder); Datum Ihrer Ankunft; Name des Kreuzfahrtschiffs; welche Tour Sie buchen m\u00f6chten.<\/p>\n<p>Wenn Sie m\u00f6chten, k\u00f6nnen Sie Ihre Reservierung \u00fcber die Website vornehmen und mit Kreditkarte bezahlen.<\/p>\n<p>Pedro Ferreira Azores Tours w\u00fcnscht Ihnen sch\u00f6ne Kreuzfahrten.<\/p>\n","protected":false},"excerpt":{"rendered":"<p>Pedro Ferreira Azores Tours w\u00fcnscht Ihnen ein angenehmes Erlebnis auf der Insel S\u00e3o Miguel. Daher haben wir sorgf\u00e4ltig Pakete mit 4 Ausfl\u00fcgen zusammengestellt, die sich flexibel an unterschiedliche Wetterbedingungen und Ihre verf\u00fcgbare Zeit anpassen. Da die Aufenthalte der Kreuzfahrtschiffe hier jeweils nur kurz sind, versuchen die Schiffspassagiere, die Zeit optimal zu nutzen. Pedro Ferreira Azores<\/p>\n<div class=\"padding-top text-center\"><a href=\"https:\/\/azores-tours.com\/de\/kreuzfahrten\/\" class=\"atbtn atbtn--medium atbtn--rounded atbtn--transparent\">Read more<i class=\"atbtn__icon atbtn__icon--right fa fa-long-arrow-right\"><\/i><\/a><\/div>\n","protected":false},"author":1,"featured_media":0,"parent":0,"menu_order":0,"comment_status":"closed","ping_status":"closed","template":"","meta":[],"yoast_head":"<!-- This site is optimized with the Yoast SEO plugin v14.9 - https:\/\/yoast.com\/wordpress\/plugins\/seo\/ -->\n<title>Kreuzfahrten - Azores Tours<\/title>\n<meta name=\"robots\" content=\"index, follow, max-snippet:-1, max-image-preview:large, max-video-preview:-1\" \/>\n<link rel=\"canonical\" href=\"https:\/\/azores-tours.com\/de\/kreuzfahrten\/\" \/>\n<meta property=\"og:locale\" content=\"de_DE\" \/>\n<meta property=\"og:type\" content=\"article\" \/>\n<meta property=\"og:title\" content=\"Kreuzfahrten - Azores Tours\" \/>\n<meta property=\"og:description\" content=\"Pedro Ferreira Azores Tours w\u00fcnscht Ihnen ein angenehmes Erlebnis auf der Insel S\u00e3o Miguel. Daher haben wir sorgf\u00e4ltig Pakete mit 4 Ausfl\u00fcgen zusammengestellt, die sich flexibel an unterschiedliche Wetterbedingungen und Ihre verf\u00fcgbare Zeit anpassen. Da die Aufenthalte der Kreuzfahrtschiffe hier jeweils nur kurz sind, versuchen die Schiffspassagiere, die Zeit optimal zu nutzen. Pedro Ferreira AzoresRead more\" \/>\n<meta property=\"og:url\" content=\"https:\/\/azores-tours.com\/de\/kreuzfahrten\/\" \/>\n<meta property=\"og:site_name\" content=\"Azores Tours\" \/>\n<meta property=\"article:modified_time\" content=\"2025-02-13T19:53:17+00:00\" \/>\n<meta name=\"twitter:card\" content=\"summary_large_image\" \/>\n<script type=\"application\/ld+json\" class=\"yoast-schema-graph\">{\"@context\":\"https:\/\/schema.org\",\"@graph\":[{\"@type\":\"WebSite\",\"@id\":\"https:\/\/azores-tours.com\/de\/#website\",\"url\":\"https:\/\/azores-tours.com\/de\/\",\"name\":\"Azores Tours\",\"description\":\"Circuitos e Passeios Tur\\u00edsticos em S\\u00e3o Miguel A\\u00e7ores\",\"potentialAction\":[{\"@type\":\"SearchAction\",\"target\":\"https:\/\/azores-tours.com\/de\/?s={search_term_string}\",\"query-input\":\"required name=search_term_string\"}],\"inLanguage\":\"de\"},{\"@type\":\"WebPage\",\"@id\":\"https:\/\/azores-tours.com\/de\/kreuzfahrten\/#webpage\",\"url\":\"https:\/\/azores-tours.com\/de\/kreuzfahrten\/\",\"name\":\"Kreuzfahrten - Azores Tours\",\"isPartOf\":{\"@id\":\"https:\/\/azores-tours.com\/de\/#website\"},\"datePublished\":\"2022-02-17T15:06:56+00:00\",\"dateModified\":\"2025-02-13T19:53:17+00:00\",\"inLanguage\":\"de\",\"potentialAction\":[{\"@type\":\"ReadAction\",\"target\":[\"https:\/\/azores-tours.com\/de\/kreuzfahrten\/\"]}]}]}<\/script>\n<!-- \/ Yoast SEO plugin. -->","_links":{"self":[{"href":"https:\/\/azores-tours.com\/de\/wp-json\/wp\/v2\/pages\/2333"}],"collection":[{"href":"https:\/\/azores-tours.com\/de\/wp-json\/wp\/v2\/pages"}],"about":[{"href":"https:\/\/azores-tours.com\/de\/wp-json\/wp\/v2\/types\/page"}],"author":[{"embeddable":true,"href":"https:\/\/azores-tours.com\/de\/wp-json\/wp\/v2\/users\/1"}],"replies":[{"embeddable":true,"href":"https:\/\/azores-tours.com\/de\/wp-json\/wp\/v2\/comments?post=2333"}],"version-history":[{"count":1,"href":"https:\/\/azores-tours.com\/de\/wp-json\/wp\/v2\/pages\/2333\/revisions"}],"predecessor-version":[{"id":2955,"href":"https:\/\/azores-tours.com\/de\/wp-json\/wp\/v2\/pages\/2333\/revisions\/2955"}],"wp:attachment":[{"href":"https:\/\/azores-tours.com\/de\/wp-json\/wp\/v2\/media?parent=2333"}],"curies":[{"name":"wp","href":"https:\/\/api.w.org\/{rel}","templated":true}]}}