{"id":1495,"date":"2020-09-03T12:24:46","date_gmt":"2020-09-03T12:24:46","guid":{"rendered":"http:\/\/azores-tours.com\/viaturas\/"},"modified":"2023-03-01T21:42:43","modified_gmt":"2023-03-01T21:42:43","slug":"fahrzeuge","status":"publish","type":"page","link":"https:\/\/azores-tours.com\/de\/fahrzeuge\/","title":{"rendered":"Fahrzeuge"},"content":{"rendered":"<p>[vc_row][vc_column][vc_gallery type=&#8220;image_grid&#8220; images=&#8220;1384,1389,1394,1399,1404,1409,1414,1424,1439,1464,2651,2646,2641,2666,2686,2681,2606,2561,2566,2571,2576,2586,2591,2596,1434,2636,2631,2626,2521,2526,2601,1474,2182,2192,2352,2546&#8243; img_size=&#8220;large&#8220; el_class=&#8220;gallerystyle&#8220;][\/vc_column][\/vc_row]<\/p>\n","protected":false},"excerpt":{"rendered":"<p>[vc_row][vc_column][vc_gallery type=&#8220;image_grid&#8220; images=&#8220;1384,1389,1394,1399,1404,1409,1414,1424,1439,1464,2651,2646,2641,2666,2686,2681,2606,2561,2566,2571,2576,2586,2591,2596,1434,2636,2631,2626,2521,2526,2601,1474,2182,2192,2352,2546&#8243; img_size=&#8220;large&#8220; el_class=&#8220;gallerystyle&#8220;][\/vc_column][\/vc_row]<\/p>\n","protected":false},"author":1,"featured_media":0,"parent":0,"menu_order":0,"comment_status":"closed","ping_status":"closed","template":"","meta":[],"yoast_head":"<!-- This site is optimized with the Yoast SEO plugin v14.9 - https:\/\/yoast.com\/wordpress\/plugins\/seo\/ -->\n<title>Fahrzeuge - Azores Tours - Reservieren Sie jetzt bei uns.<\/title>\n<meta name=\"description\" content=\"Fahrzeuge: Wir verf\u00fcgen \u00fcber eine voll ausgestattete Flotte, damit Sie Ihre Tour bequem genie\u00dfen k\u00f6nnen. Reservieren Sie jetzt bei uns.\" \/>\n<meta name=\"robots\" content=\"index, follow, max-snippet:-1, max-image-preview:large, max-video-preview:-1\" \/>\n<link rel=\"canonical\" href=\"https:\/\/azores-tours.com\/de\/fahrzeuge\/\" \/>\n<meta property=\"og:locale\" content=\"de_DE\" \/>\n<meta property=\"og:type\" content=\"article\" \/>\n<meta property=\"og:title\" content=\"Fahrzeuge - Azores Tours - Reservieren Sie jetzt bei uns.\" \/>\n<meta property=\"og:description\" content=\"Fahrzeuge: Wir verf\u00fcgen \u00fcber eine voll ausgestattete Flotte, damit Sie Ihre Tour bequem genie\u00dfen k\u00f6nnen. Reservieren Sie jetzt bei uns.\" \/>\n<meta property=\"og:url\" content=\"https:\/\/azores-tours.com\/de\/fahrzeuge\/\" \/>\n<meta property=\"og:site_name\" content=\"Azores Tours\" \/>\n<meta property=\"article:modified_time\" content=\"2023-03-01T21:42:43+00:00\" \/>\n<meta name=\"twitter:card\" content=\"summary_large_image\" \/>\n<script type=\"application\/ld+json\" class=\"yoast-schema-graph\">{\"@context\":\"https:\/\/schema.org\",\"@graph\":[{\"@type\":\"WebSite\",\"@id\":\"https:\/\/azores-tours.com\/de\/#website\",\"url\":\"https:\/\/azores-tours.com\/de\/\",\"name\":\"Azores Tours\",\"description\":\"Circuitos e Passeios Tur\\u00edsticos em S\\u00e3o Miguel A\\u00e7ores\",\"potentialAction\":[{\"@type\":\"SearchAction\",\"target\":\"https:\/\/azores-tours.com\/de\/?s={search_term_string}\",\"query-input\":\"required name=search_term_string\"}],\"inLanguage\":\"de\"},{\"@type\":\"WebPage\",\"@id\":\"https:\/\/azores-tours.com\/de\/fahrzeuge\/#webpage\",\"url\":\"https:\/\/azores-tours.com\/de\/fahrzeuge\/\",\"name\":\"Fahrzeuge - Azores Tours - Reservieren Sie jetzt bei uns.\",\"isPartOf\":{\"@id\":\"https:\/\/azores-tours.com\/de\/#website\"},\"datePublished\":\"2020-09-03T12:24:46+00:00\",\"dateModified\":\"2023-03-01T21:42:43+00:00\",\"description\":\"Fahrzeuge: Wir verf\\u00fcgen \\u00fcber eine voll ausgestattete Flotte, damit Sie Ihre Tour bequem genie\\u00dfen k\\u00f6nnen. Reservieren Sie jetzt bei uns.\",\"inLanguage\":\"de\",\"potentialAction\":[{\"@type\":\"ReadAction\",\"target\":[\"https:\/\/azores-tours.com\/de\/fahrzeuge\/\"]}]}]}<\/script>\n<!-- \/ Yoast SEO plugin. -->","_links":{"self":[{"href":"https:\/\/azores-tours.com\/de\/wp-json\/wp\/v2\/pages\/1495"}],"collection":[{"href":"https:\/\/azores-tours.com\/de\/wp-json\/wp\/v2\/pages"}],"about":[{"href":"https:\/\/azores-tours.com\/de\/wp-json\/wp\/v2\/types\/page"}],"author":[{"embeddable":true,"href":"https:\/\/azores-tours.com\/de\/wp-json\/wp\/v2\/users\/1"}],"replies":[{"embeddable":true,"href":"https:\/\/azores-tours.com\/de\/wp-json\/wp\/v2\/comments?post=1495"}],"version-history":[{"count":7,"href":"https:\/\/azores-tours.com\/de\/wp-json\/wp\/v2\/pages\/1495\/revisions"}],"predecessor-version":[{"id":2712,"href":"https:\/\/azores-tours.com\/de\/wp-json\/wp\/v2\/pages\/1495\/revisions\/2712"}],"wp:attachment":[{"href":"https:\/\/azores-tours.com\/de\/wp-json\/wp\/v2\/media?parent=1495"}],"curies":[{"name":"wp","href":"https:\/\/api.w.org\/{rel}","templated":true}]}}